{"id":788,"date":"2023-04-21T10:34:59","date_gmt":"2023-04-21T15:34:59","guid":{"rendered":"https:\/\/acriya.co\/website\/?page_id=788"},"modified":"2023-04-21T15:06:12","modified_gmt":"2023-04-21T20:06:12","slug":"trabajos-especiales","status":"publish","type":"page","link":"https:\/\/acriya.co\/website\/trabajos-especiales\/","title":{"rendered":"Trabajos especiales"},"content":{"rendered":"\t\t<div data-elementor-type=\"wp-page\" data-elementor-id=\"788\" class=\"elementor elementor-788\">\n\t\t\t\t\t\t<section class=\"elementor-section elementor-top-section elementor-element elementor-element-31d34fe elementor-section-boxed elementor-section-height-default elementor-section-height-default\" data-id=\"31d34fe\" data-element_type=\"section\">\n\t\t\t\t\t\t<div class=\"elementor-container elementor-column-gap-default\">\n\t\t\t\t\t<div class=\"elementor-column elementor-col-50 elementor-top-column elementor-element elementor-element-9f806e7 elementor-invisible\" data-id=\"9f806e7\" data-element_type=\"column\" data-settings=\"{&quot;animation&quot;:&quot;fadeIn&quot;}\">\n\t\t\t<div class=\"elementor-widget-wrap elementor-element-populated\">\n\t\t\t\t\t\t<div class=\"elementor-element elementor-element-75c6b1b elementor-arrows-position-inside elementor-pagination-position-outside elementor-invisible elementor-widget elementor-widget-image-carousel\" data-id=\"75c6b1b\" data-element_type=\"widget\" data-settings=\"{&quot;slides_to_show&quot;:&quot;1&quot;,&quot;_animation&quot;:&quot;fadeIn&quot;,&quot;navigation&quot;:&quot;both&quot;,&quot;autoplay&quot;:&quot;yes&quot;,&quot;pause_on_hover&quot;:&quot;yes&quot;,&quot;pause_on_interaction&quot;:&quot;yes&quot;,&quot;autoplay_speed&quot;:5000,&quot;infinite&quot;:&quot;yes&quot;,&quot;effect&quot;:&quot;slide&quot;,&quot;speed&quot;:500}\" data-widget_type=\"image-carousel.default\">\n\t\t\t\t<div class=\"elementor-widget-container\">\n\t\t\t\t\t\t\t<div class=\"elementor-image-carousel-wrapper swiper\" role=\"region\" aria-roledescription=\"carousel\" aria-label=\"Carrusel de im\u00e1genes\" dir=\"ltr\">\n\t\t\t<div class=\"elementor-image-carousel swiper-wrapper\" aria-live=\"off\">\n\t\t\t\t\t\t\t\t<div class=\"swiper-slide\" role=\"group\" aria-roledescription=\"slide\" aria-label=\"1 de 3\"><figure class=\"swiper-slide-inner\"><img decoding=\"async\" class=\"swiper-slide-image lazyload\" data-src=\"https:\/\/acriya.co\/website\/wp-content\/uploads\/2023\/04\/Brand-Vans-Acriya-J-1.jpg\" alt=\"Brand Vans Acriya J 1\" src=\"data:image\/svg+xml;base64,PHN2ZyB3aWR0aD0iMSIgaGVpZ2h0PSIxIiB4bWxucz0iaHR0cDovL3d3dy53My5vcmcvMjAwMC9zdmciPjwvc3ZnPg==\" style=\"--smush-placeholder-width: 1024px; --smush-placeholder-aspect-ratio: 1024\/1024;\" \/><\/figure><\/div><div class=\"swiper-slide\" role=\"group\" aria-roledescription=\"slide\" aria-label=\"2 de 3\"><figure class=\"swiper-slide-inner\"><img decoding=\"async\" class=\"swiper-slide-image lazyload\" data-src=\"https:\/\/acriya.co\/website\/wp-content\/uploads\/2023\/04\/Brand-Vans-Acriya-J-2.jpg\" alt=\"\" src=\"data:image\/svg+xml;base64,PHN2ZyB3aWR0aD0iMSIgaGVpZ2h0PSIxIiB4bWxucz0iaHR0cDovL3d3dy53My5vcmcvMjAwMC9zdmciPjwvc3ZnPg==\" \/><\/figure><\/div><div class=\"swiper-slide\" role=\"group\" aria-roledescription=\"slide\" aria-label=\"3 de 3\"><figure class=\"swiper-slide-inner\"><img decoding=\"async\" class=\"swiper-slide-image lazyload\" data-src=\"https:\/\/acriya.co\/website\/wp-content\/uploads\/2023\/04\/Cupula-Acrilico-Acriya-J-1.jpg\" alt=\"Cupula Acr\u00edlico Acriya J 1\" src=\"data:image\/svg+xml;base64,PHN2ZyB3aWR0aD0iMSIgaGVpZ2h0PSIxIiB4bWxucz0iaHR0cDovL3d3dy53My5vcmcvMjAwMC9zdmciPjwvc3ZnPg==\" style=\"--smush-placeholder-width: 1024px; --smush-placeholder-aspect-ratio: 1024\/1024;\" \/><\/figure><\/div>\t\t\t<\/div>\n\t\t\t\t\t\t\t\t\t\t\t\t<div class=\"elementor-swiper-button elementor-swiper-button-prev\" role=\"button\" tabindex=\"0\">\n\t\t\t\t\t\t<i aria-hidden=\"true\" class=\"eicon-chevron-left\"><\/i>\t\t\t\t\t<\/div>\n\t\t\t\t\t<div class=\"elementor-swiper-button elementor-swiper-button-next\" role=\"button\" tabindex=\"0\">\n\t\t\t\t\t\t<i aria-hidden=\"true\" class=\"eicon-chevron-right\"><\/i>\t\t\t\t\t<\/div>\n\t\t\t\t\n\t\t\t\t\t\t\t\t\t<div class=\"swiper-pagination\"><\/div>\n\t\t\t\t\t\t\t\t\t<\/div>\n\t\t\t\t\t\t<\/div>\n\t\t\t\t<\/div>\n\t\t\t\t\t<\/div>\n\t\t<\/div>\n\t\t\t\t<div class=\"elementor-column elementor-col-50 elementor-top-column elementor-element elementor-element-07e531d\" data-id=\"07e531d\" data-element_type=\"column\">\n\t\t\t<div class=\"elementor-widget-wrap elementor-element-populated\">\n\t\t\t\t\t\t<div class=\"elementor-element elementor-element-5a271c5 elementor-widget elementor-widget-heading\" data-id=\"5a271c5\" data-element_type=\"widget\" data-widget_type=\"heading.default\">\n\t\t\t\t<div class=\"elementor-widget-container\">\n\t\t\t\t\t<h2 class=\"elementor-heading-title elementor-size-default\">TRABAJOS ESPECIALES<\/h2>\t\t\t\t<\/div>\n\t\t\t\t<\/div>\n\t\t\t\t<div class=\"elementor-element elementor-element-bb87c1c elementor-widget elementor-widget-text-editor\" data-id=\"bb87c1c\" data-element_type=\"widget\" data-widget_type=\"text-editor.default\">\n\t\t\t\t<div class=\"elementor-widget-container\">\n\t\t\t\t\t\t\t\t\t<p>En Acriya contamos con m\u00e1s de <span style=\"color: #3366ff;\"><strong>15 a\u00f1os de experiencia<\/strong><\/span> en la realizaci\u00f3n de avisos y productos publicitarios. Ofrecemos una amplia variedad de servicios que incluyen la producci\u00f3n de avisos en acr\u00edlico, impresi\u00f3n digital sobre vinilo, instalaciones y dem\u00e1s soluciones publicitarias.<\/p><p>Nos distinguimos por nuestro gran dominio en el uso de materiales como acr\u00edlico, MDF, alucobond, y otros materiales de alta calidad que garantizan la durabilidad de nuestros productos. Adem\u00e1s, contamos con un equipo de <strong><span style=\"color: #3366ff;\">profesionales altamente capacitados<\/span><\/strong> y <span style=\"color: #3366ff;\"><strong>comprometidos con la calidad<\/strong><\/span>, quienes trabajan en colaboraci\u00f3n con nuestros clientes para entender sus necesidades y ofrecer soluciones personalizadas que superen sus expectativas. En nuestra empresa, nos enorgullece ofrecer productos y servicios de alta calidad a precios competitivos, lo que nos permite mantener relaciones a largo plazo con nuestros clientes y seguir siendo <span style=\"color: #3366ff;\"><strong>l\u00edderes en el mercado de la publicidad.<\/strong><\/span><\/p>\t\t\t\t\t\t\t\t<\/div>\n\t\t\t\t<\/div>\n\t\t\t\t<div class=\"elementor-element elementor-element-c4c5ea4 elementor-widget elementor-widget-heading\" data-id=\"c4c5ea4\" data-element_type=\"widget\" data-widget_type=\"heading.default\">\n\t\t\t\t<div class=\"elementor-widget-container\">\n\t\t\t\t\t<h2 class=\"elementor-heading-title elementor-size-large\">Cuenta con nostros<\/h2>\t\t\t\t<\/div>\n\t\t\t\t<\/div>\n\t\t\t\t<div class=\"elementor-element elementor-element-d3c5a95 elementor-widget elementor-widget-text-editor\" data-id=\"d3c5a95\" data-element_type=\"widget\" data-widget_type=\"text-editor.default\">\n\t\t\t\t<div class=\"elementor-widget-container\">\n\t\t\t\t\t\t\t\t\t<p>Somos fabricantes directos y contamos con una <strong><span style=\"color: #3366ff;\">ampl\u00eda experiencia<span style=\"background-color: var(--nv-site-bg); font-family: Poppins, var(--nv-fallback-ff);\">.<\/span><\/span><\/strong><\/p>\n<p>\u00bfQu\u00e9 esperas para contactarnos?<\/p>\t\t\t\t\t\t\t\t<\/div>\n\t\t\t\t<\/div>\n\t\t\t\t\t<\/div>\n\t\t<\/div>\n\t\t\t\t\t<\/div>\n\t\t<\/section>\n\t\t\t\t<section class=\"elementor-section elementor-top-section elementor-element elementor-element-0b3cc05 elementor-section-boxed elementor-section-height-default elementor-section-height-default\" data-id=\"0b3cc05\" data-element_type=\"section\">\n\t\t\t\t\t\t<div class=\"elementor-container elementor-column-gap-default\">\n\t\t\t\t\t<div class=\"elementor-column elementor-col-100 elementor-top-column elementor-element elementor-element-80572f2\" data-id=\"80572f2\" data-element_type=\"column\">\n\t\t\t<div class=\"elementor-widget-wrap elementor-element-populated\">\n\t\t\t\t\t\t<div class=\"elementor-element elementor-element-69593bc elementor-shape-rounded elementor-grid-0 e-grid-align-center elementor-widget elementor-widget-social-icons\" data-id=\"69593bc\" data-element_type=\"widget\" data-widget_type=\"social-icons.default\">\n\t\t\t\t<div class=\"elementor-widget-container\">\n\t\t\t\t\t\t\t<div class=\"elementor-social-icons-wrapper elementor-grid\" role=\"list\">\n\t\t\t\t\t\t\t<span class=\"elementor-grid-item\" role=\"listitem\">\n\t\t\t\t\t<a class=\"elementor-icon elementor-social-icon elementor-social-icon-facebook elementor-repeater-item-a01ee8e\" href=\"https:\/\/www.facebook.com\/acrilicosacriya\/\" target=\"_blank\">\n\t\t\t\t\t\t<span class=\"elementor-screen-only\">Facebook<\/span>\n\t\t\t\t\t\t<i aria-hidden=\"true\" class=\"fab fa-facebook\"><\/i>\t\t\t\t\t<\/a>\n\t\t\t\t<\/span>\n\t\t\t\t\t\t\t<span class=\"elementor-grid-item\" role=\"listitem\">\n\t\t\t\t\t<a class=\"elementor-icon elementor-social-icon elementor-social-icon-instagram elementor-repeater-item-dffbe14\" href=\"https:\/\/www.instagram.com\/acriya.sas\/\" target=\"_blank\">\n\t\t\t\t\t\t<span class=\"elementor-screen-only\">Instagram<\/span>\n\t\t\t\t\t\t<i aria-hidden=\"true\" class=\"fab fa-instagram\"><\/i>\t\t\t\t\t<\/a>\n\t\t\t\t<\/span>\n\t\t\t\t\t\t\t<span class=\"elementor-grid-item\" role=\"listitem\">\n\t\t\t\t\t<a class=\"elementor-icon elementor-social-icon elementor-social-icon-whatsapp elementor-repeater-item-d5fbb52\" href=\"https:\/\/api.whatsapp.com\/send?phone=+573105793590&#038;text=%C2%A1Hola!%20Visit%C3%A9%20tu%20p%C3%A1gina%20web,%20me%20interesan%20los%20trabajos%20especiales.\" target=\"_blank\">\n\t\t\t\t\t\t<span class=\"elementor-screen-only\">Whatsapp<\/span>\n\t\t\t\t\t\t<i aria-hidden=\"true\" class=\"fab fa-whatsapp\"><\/i>\t\t\t\t\t<\/a>\n\t\t\t\t<\/span>\n\t\t\t\t\t<\/div>\n\t\t\t\t\t\t<\/div>\n\t\t\t\t<\/div>\n\t\t\t\t\t<\/div>\n\t\t<\/div>\n\t\t\t\t\t<\/div>\n\t\t<\/section>\n\t\t\t\t<\/div>\n\t\t","protected":false},"excerpt":{"rendered":"<p>Anterior Siguiente TRABAJOS ESPECIALES En Acriya contamos con m\u00e1s de 15 a\u00f1os de experiencia en la realizaci\u00f3n de avisos y productos publicitarios. Ofrecemos una amplia variedad de servicios que incluyen la producci\u00f3n de avisos en acr\u00edlico, impresi\u00f3n digital sobre vinilo, instalaciones y dem\u00e1s soluciones publicitarias. Nos distinguimos por nuestro gran dominio en el uso de&hellip;&nbsp;<a href=\"https:\/\/acriya.co\/website\/trabajos-especiales\/\" rel=\"bookmark\">Leer m\u00e1s &raquo;<span class=\"screen-reader-text\">Trabajos especiales<\/span><\/a><\/p>\n","protected":false},"author":1,"featured_media":0,"parent":0,"menu_order":0,"comment_status":"closed","ping_status":"closed","template":"page-templates\/template-pagebuilder-full-width.php","meta":{"_acf_changed":false,"neve_meta_sidebar":"","neve_meta_container":"","neve_meta_enable_content_width":"","neve_meta_content_width":0,"neve_meta_title_alignment":"","neve_meta_author_avatar":"","neve_post_elements_order":"","neve_meta_disable_header":"","neve_meta_disable_footer":"","neve_meta_disable_title":"","footnotes":""},"class_list":["post-788","page","type-page","status-publish","hentry"],"acf":[],"_links":{"self":[{"href":"https:\/\/acriya.co\/website\/wp-json\/wp\/v2\/pages\/788","targetHints":{"allow":["GET"]}}],"collection":[{"href":"https:\/\/acriya.co\/website\/wp-json\/wp\/v2\/pages"}],"about":[{"href":"https:\/\/acriya.co\/website\/wp-json\/wp\/v2\/types\/page"}],"author":[{"embeddable":true,"href":"https:\/\/acriya.co\/website\/wp-json\/wp\/v2\/users\/1"}],"replies":[{"embeddable":true,"href":"https:\/\/acriya.co\/website\/wp-json\/wp\/v2\/comments?post=788"}],"version-history":[{"count":10,"href":"https:\/\/acriya.co\/website\/wp-json\/wp\/v2\/pages\/788\/revisions"}],"predecessor-version":[{"id":810,"href":"https:\/\/acriya.co\/website\/wp-json\/wp\/v2\/pages\/788\/revisions\/810"}],"wp:attachment":[{"href":"https:\/\/acriya.co\/website\/wp-json\/wp\/v2\/media?parent=788"}],"curies":[{"name":"wp","href":"https:\/\/api.w.org\/{rel}","templated":true}]}}