{"id":417,"date":"2022-01-17T10:29:17","date_gmt":"2022-01-17T15:29:17","guid":{"rendered":"https:\/\/acriya.com\/website\/?page_id=417"},"modified":"2023-04-19T10:08:00","modified_gmt":"2023-04-19T15:08:00","slug":"lamina-de-acrilico","status":"publish","type":"page","link":"https:\/\/acriya.co\/website\/lamina-de-acrilico\/","title":{"rendered":"Lamina de acr\u00edlico"},"content":{"rendered":"\t\t<div data-elementor-type=\"wp-page\" data-elementor-id=\"417\" class=\"elementor elementor-417\">\n\t\t\t\t\t\t<section class=\"elementor-section elementor-top-section elementor-element elementor-element-ebe3c28 elementor-section-boxed elementor-section-height-default elementor-section-height-default\" data-id=\"ebe3c28\" data-element_type=\"section\">\n\t\t\t\t\t\t<div class=\"elementor-container elementor-column-gap-default\">\n\t\t\t\t\t<div class=\"elementor-column elementor-col-50 elementor-top-column elementor-element elementor-element-8a4f100\" data-id=\"8a4f100\" data-element_type=\"column\">\n\t\t\t<div class=\"elementor-widget-wrap elementor-element-populated\">\n\t\t\t\t\t\t<div class=\"elementor-element elementor-element-eb9cb98 elementor-arrows-position-inside elementor-pagination-position-outside elementor-widget elementor-widget-image-carousel\" data-id=\"eb9cb98\" data-element_type=\"widget\" data-settings=\"{&quot;slides_to_show&quot;:&quot;1&quot;,&quot;navigation&quot;:&quot;both&quot;,&quot;autoplay&quot;:&quot;yes&quot;,&quot;pause_on_hover&quot;:&quot;yes&quot;,&quot;pause_on_interaction&quot;:&quot;yes&quot;,&quot;autoplay_speed&quot;:5000,&quot;infinite&quot;:&quot;yes&quot;,&quot;effect&quot;:&quot;slide&quot;,&quot;speed&quot;:500}\" data-widget_type=\"image-carousel.default\">\n\t\t\t\t<div class=\"elementor-widget-container\">\n\t\t\t\t\t\t\t<div class=\"elementor-image-carousel-wrapper swiper\" role=\"region\" aria-roledescription=\"carousel\" aria-label=\"Carrusel de im\u00e1genes\" dir=\"ltr\">\n\t\t\t<div class=\"elementor-image-carousel swiper-wrapper\" aria-live=\"off\">\n\t\t\t\t\t\t\t\t<div class=\"swiper-slide\" role=\"group\" aria-roledescription=\"slide\" aria-label=\"1 de 3\"><figure class=\"swiper-slide-inner\"><img decoding=\"async\" class=\"swiper-slide-image lazyload\" data-src=\"https:\/\/acriya.co\/website\/wp-content\/uploads\/2022\/07\/lamina3-1.jpg\" alt=\"lamina3 (1)\" src=\"data:image\/svg+xml;base64,PHN2ZyB3aWR0aD0iMSIgaGVpZ2h0PSIxIiB4bWxucz0iaHR0cDovL3d3dy53My5vcmcvMjAwMC9zdmciPjwvc3ZnPg==\" style=\"--smush-placeholder-width: 800px; --smush-placeholder-aspect-ratio: 800\/800;\" \/><\/figure><\/div><div class=\"swiper-slide\" role=\"group\" aria-roledescription=\"slide\" aria-label=\"2 de 3\"><figure class=\"swiper-slide-inner\"><img decoding=\"async\" class=\"swiper-slide-image lazyload\" data-src=\"https:\/\/acriya.co\/website\/wp-content\/uploads\/2020\/04\/800x800-Imagen-10.jpg\" alt=\"800x800-Imagen-10\" src=\"data:image\/svg+xml;base64,PHN2ZyB3aWR0aD0iMSIgaGVpZ2h0PSIxIiB4bWxucz0iaHR0cDovL3d3dy53My5vcmcvMjAwMC9zdmciPjwvc3ZnPg==\" style=\"--smush-placeholder-width: 800px; --smush-placeholder-aspect-ratio: 800\/800;\" \/><\/figure><\/div><div class=\"swiper-slide\" role=\"group\" aria-roledescription=\"slide\" aria-label=\"3 de 3\"><figure class=\"swiper-slide-inner\"><img decoding=\"async\" class=\"swiper-slide-image lazyload\" data-src=\"https:\/\/acriya.co\/website\/wp-content\/uploads\/2022\/07\/Lamina1-1.jpg\" alt=\"\" src=\"data:image\/svg+xml;base64,PHN2ZyB3aWR0aD0iMSIgaGVpZ2h0PSIxIiB4bWxucz0iaHR0cDovL3d3dy53My5vcmcvMjAwMC9zdmciPjwvc3ZnPg==\" \/><\/figure><\/div>\t\t\t<\/div>\n\t\t\t\t\t\t\t\t\t\t\t\t<div class=\"elementor-swiper-button elementor-swiper-button-prev\" role=\"button\" tabindex=\"0\">\n\t\t\t\t\t\t<i aria-hidden=\"true\" class=\"eicon-chevron-left\"><\/i>\t\t\t\t\t<\/div>\n\t\t\t\t\t<div class=\"elementor-swiper-button elementor-swiper-button-next\" role=\"button\" tabindex=\"0\">\n\t\t\t\t\t\t<i aria-hidden=\"true\" class=\"eicon-chevron-right\"><\/i>\t\t\t\t\t<\/div>\n\t\t\t\t\n\t\t\t\t\t\t\t\t\t<div class=\"swiper-pagination\"><\/div>\n\t\t\t\t\t\t\t\t\t<\/div>\n\t\t\t\t\t\t<\/div>\n\t\t\t\t<\/div>\n\t\t\t\t\t<\/div>\n\t\t<\/div>\n\t\t\t\t<div class=\"elementor-column elementor-col-50 elementor-top-column elementor-element elementor-element-a23dab8\" data-id=\"a23dab8\" data-element_type=\"column\">\n\t\t\t<div class=\"elementor-widget-wrap elementor-element-populated\">\n\t\t\t\t\t\t<div class=\"elementor-element elementor-element-07dac49 elementor-widget elementor-widget-heading\" data-id=\"07dac49\" data-element_type=\"widget\" data-widget_type=\"heading.default\">\n\t\t\t\t<div class=\"elementor-widget-container\">\n\t\t\t\t\t<h2 class=\"elementor-heading-title elementor-size-default\">LAMINA DE ACR\u00cdLICO<\/h2>\t\t\t\t<\/div>\n\t\t\t\t<\/div>\n\t\t\t\t<div class=\"elementor-element elementor-element-0e73bf0 elementor-widget elementor-widget-text-editor\" data-id=\"0e73bf0\" data-element_type=\"widget\" data-widget_type=\"text-editor.default\">\n\t\t\t\t<div class=\"elementor-widget-container\">\n\t\t\t\t\t\t\t\t\t<p><span style=\"background-color: var(--nv-site-bg); color: var(--nv-text-color); font-family: Poppins, var(--nv-fallback-ff);\">El acr\u00edlico es un material con alta <strong><span style=\"color: #3366ff;\">rigidez<\/span><\/strong>, <strong><span style=\"color: #3366ff;\">resistencia<\/span><\/strong> y <strong><span style=\"color: #3366ff;\">claridad \u00f3ptica <\/span><\/strong><span style=\"color: #000000;\">excepcional<\/span>, es muy <\/span><strong style=\"background-color: var(--nv-site-bg); color: var(--nv-text-color); font-family: Poppins, var(--nv-fallback-ff);\"><span style=\"color: #3366ff;\">vers\u00e1til<\/span><\/strong><span style=\"background-color: var(--nv-site-bg); color: var(--nv-text-color); font-family: Poppins, var(--nv-fallback-ff);\">,\u00a0 ideal para\u00a0<\/span><span style=\"color: var(--nv-text-color); font-family: Poppins, var(--nv-fallback-ff); background-color: var(--nv-site-bg);\">decorar espacios interiores, construcci\u00f3n de vitrinas, tragaluces, domos, divisores de espacios, entre muchas otras aplicaciones.<\/span><\/p><p><span style=\"background-color: var(--nv-site-bg); color: var(--nv-text-color); font-family: Poppins, var(--nv-fallback-ff);\">Tenemos a tu disposici\u00f3n laminas de diversos tama\u00f1os, espesores y una gran variedad de colores.\u00a0<\/span><span style=\"background-color: var(--nv-site-bg); color: var(--nv-text-color); font-family: Poppins, var(--nv-fallback-ff);\">Laminas con la mayor calidad en el mercado, caracterizadas por su transparencia y color.<\/span><\/p><p>\u00a1Cont\u00e1ctanos! Con gusto te asesoramos.<\/p><p><span style=\"background-color: var(--nv-site-bg); color: var(--nv-text-color); font-family: Poppins, var(--nv-fallback-ff);\">\u00a0<\/span><\/p><p><span style=\"background-color: var(--nv-site-bg); color: var(--nv-text-color); font-family: Poppins, var(--nv-fallback-ff);\">\u00a0<\/span><\/p>\t\t\t\t\t\t\t\t<\/div>\n\t\t\t\t<\/div>\n\t\t\t\t\t<\/div>\n\t\t<\/div>\n\t\t\t\t\t<\/div>\n\t\t<\/section>\n\t\t\t\t<section class=\"elementor-section elementor-top-section elementor-element elementor-element-d68f565 elementor-section-boxed elementor-section-height-default elementor-section-height-default\" data-id=\"d68f565\" data-element_type=\"section\">\n\t\t\t\t\t\t<div class=\"elementor-container elementor-column-gap-default\">\n\t\t\t\t\t<div class=\"elementor-column elementor-col-100 elementor-top-column elementor-element elementor-element-4678db0\" data-id=\"4678db0\" data-element_type=\"column\">\n\t\t\t<div class=\"elementor-widget-wrap elementor-element-populated\">\n\t\t\t\t\t\t<div class=\"elementor-element elementor-element-795ba60 elementor-shape-rounded elementor-grid-0 e-grid-align-center elementor-widget elementor-widget-social-icons\" data-id=\"795ba60\" data-element_type=\"widget\" data-widget_type=\"social-icons.default\">\n\t\t\t\t<div class=\"elementor-widget-container\">\n\t\t\t\t\t\t\t<div class=\"elementor-social-icons-wrapper elementor-grid\" role=\"list\">\n\t\t\t\t\t\t\t<span class=\"elementor-grid-item\" role=\"listitem\">\n\t\t\t\t\t<a class=\"elementor-icon elementor-social-icon elementor-social-icon-facebook elementor-repeater-item-a01ee8e\" href=\"https:\/\/www.facebook.com\/acrilicosacriya\/\" target=\"_blank\">\n\t\t\t\t\t\t<span class=\"elementor-screen-only\">Facebook<\/span>\n\t\t\t\t\t\t<i aria-hidden=\"true\" class=\"fab fa-facebook\"><\/i>\t\t\t\t\t<\/a>\n\t\t\t\t<\/span>\n\t\t\t\t\t\t\t<span class=\"elementor-grid-item\" role=\"listitem\">\n\t\t\t\t\t<a class=\"elementor-icon elementor-social-icon elementor-social-icon-instagram elementor-repeater-item-dffbe14\" href=\"https:\/\/www.instagram.com\/acriya.sas\/\" target=\"_blank\">\n\t\t\t\t\t\t<span class=\"elementor-screen-only\">Instagram<\/span>\n\t\t\t\t\t\t<i aria-hidden=\"true\" class=\"fab fa-instagram\"><\/i>\t\t\t\t\t<\/a>\n\t\t\t\t<\/span>\n\t\t\t\t\t\t\t<span class=\"elementor-grid-item\" role=\"listitem\">\n\t\t\t\t\t<a class=\"elementor-icon elementor-social-icon elementor-social-icon-whatsapp elementor-repeater-item-d5fbb52\" href=\"https:\/\/api.whatsapp.com\/send?phone=+573204627661&#038;text=Hola,%20vi%20tu%20p%C3%A1gina%20web,%20quiero%20m%C3%A1s%20informaci%C3%B3n%20sobre%20lamina%20de%20acr%C3%ADlico.\" target=\"_blank\">\n\t\t\t\t\t\t<span class=\"elementor-screen-only\">Whatsapp<\/span>\n\t\t\t\t\t\t<i aria-hidden=\"true\" class=\"fab fa-whatsapp\"><\/i>\t\t\t\t\t<\/a>\n\t\t\t\t<\/span>\n\t\t\t\t\t<\/div>\n\t\t\t\t\t\t<\/div>\n\t\t\t\t<\/div>\n\t\t\t\t\t<\/div>\n\t\t<\/div>\n\t\t\t\t\t<\/div>\n\t\t<\/section>\n\t\t\t\t<\/div>\n\t\t","protected":false},"excerpt":{"rendered":"<p>Anterior Siguiente LAMINA DE ACR\u00cdLICO El acr\u00edlico es un material con alta rigidez, resistencia y claridad \u00f3ptica excepcional, es muy vers\u00e1til,\u00a0 ideal para\u00a0decorar espacios interiores, construcci\u00f3n de vitrinas, tragaluces, domos, divisores de espacios, entre muchas otras aplicaciones. Tenemos a tu disposici\u00f3n laminas de diversos tama\u00f1os, espesores y una gran variedad de colores.\u00a0Laminas con la mayor&hellip;&nbsp;<a href=\"https:\/\/acriya.co\/website\/lamina-de-acrilico\/\" rel=\"bookmark\">Leer m\u00e1s &raquo;<span class=\"screen-reader-text\">Lamina de acr\u00edlico<\/span><\/a><\/p>\n","protected":false},"author":1,"featured_media":0,"parent":0,"menu_order":0,"comment_status":"closed","ping_status":"closed","template":"page-templates\/template-pagebuilder-full-width.php","meta":{"_acf_changed":false,"neve_meta_sidebar":"","neve_meta_container":"","neve_meta_enable_content_width":"","neve_meta_content_width":0,"neve_meta_title_alignment":"","neve_meta_author_avatar":"","neve_post_elements_order":"","neve_meta_disable_header":"","neve_meta_disable_footer":"","neve_meta_disable_title":"","footnotes":""},"class_list":["post-417","page","type-page","status-publish","hentry"],"acf":[],"_links":{"self":[{"href":"https:\/\/acriya.co\/website\/wp-json\/wp\/v2\/pages\/417","targetHints":{"allow":["GET"]}}],"collection":[{"href":"https:\/\/acriya.co\/website\/wp-json\/wp\/v2\/pages"}],"about":[{"href":"https:\/\/acriya.co\/website\/wp-json\/wp\/v2\/types\/page"}],"author":[{"embeddable":true,"href":"https:\/\/acriya.co\/website\/wp-json\/wp\/v2\/users\/1"}],"replies":[{"embeddable":true,"href":"https:\/\/acriya.co\/website\/wp-json\/wp\/v2\/comments?post=417"}],"version-history":[{"count":19,"href":"https:\/\/acriya.co\/website\/wp-json\/wp\/v2\/pages\/417\/revisions"}],"predecessor-version":[{"id":768,"href":"https:\/\/acriya.co\/website\/wp-json\/wp\/v2\/pages\/417\/revisions\/768"}],"wp:attachment":[{"href":"https:\/\/acriya.co\/website\/wp-json\/wp\/v2\/media?parent=417"}],"curies":[{"name":"wp","href":"https:\/\/api.w.org\/{rel}","templated":true}]}}