{"id":416,"date":"2022-01-17T10:29:16","date_gmt":"2022-01-17T15:29:16","guid":{"rendered":"https:\/\/acriya.com\/website\/?page_id=416"},"modified":"2023-04-19T09:57:21","modified_gmt":"2023-04-19T14:57:21","slug":"impresion-digital-a-gran-formato","status":"publish","type":"page","link":"https:\/\/acriya.co\/website\/impresion-digital-a-gran-formato\/","title":{"rendered":"Impresi\u00f3n digital a gran formato"},"content":{"rendered":"\t\t<div data-elementor-type=\"wp-page\" data-elementor-id=\"416\" class=\"elementor elementor-416\">\n\t\t\t\t\t\t<section class=\"elementor-section elementor-top-section elementor-element elementor-element-edf2429 elementor-section-boxed elementor-section-height-default elementor-section-height-default\" data-id=\"edf2429\" data-element_type=\"section\">\n\t\t\t\t\t\t<div class=\"elementor-container elementor-column-gap-default\">\n\t\t\t\t\t<div class=\"elementor-column elementor-col-50 elementor-top-column elementor-element elementor-element-25655b3 elementor-invisible\" data-id=\"25655b3\" data-element_type=\"column\" data-settings=\"{&quot;animation&quot;:&quot;fadeIn&quot;}\">\n\t\t\t<div class=\"elementor-widget-wrap elementor-element-populated\">\n\t\t\t\t\t\t<div class=\"elementor-element elementor-element-9e1a88a elementor-arrows-position-inside elementor-pagination-position-outside elementor-invisible elementor-widget elementor-widget-image-carousel\" data-id=\"9e1a88a\" data-element_type=\"widget\" data-settings=\"{&quot;slides_to_show&quot;:&quot;1&quot;,&quot;_animation&quot;:&quot;fadeIn&quot;,&quot;navigation&quot;:&quot;both&quot;,&quot;autoplay&quot;:&quot;yes&quot;,&quot;pause_on_hover&quot;:&quot;yes&quot;,&quot;pause_on_interaction&quot;:&quot;yes&quot;,&quot;autoplay_speed&quot;:5000,&quot;infinite&quot;:&quot;yes&quot;,&quot;effect&quot;:&quot;slide&quot;,&quot;speed&quot;:500}\" data-widget_type=\"image-carousel.default\">\n\t\t\t\t<div class=\"elementor-widget-container\">\n\t\t\t\t\t\t\t<div class=\"elementor-image-carousel-wrapper swiper\" role=\"region\" aria-roledescription=\"carousel\" aria-label=\"Carrusel de im\u00e1genes\" dir=\"ltr\">\n\t\t\t<div class=\"elementor-image-carousel swiper-wrapper\" aria-live=\"off\">\n\t\t\t\t\t\t\t\t<div class=\"swiper-slide\" role=\"group\" aria-roledescription=\"slide\" aria-label=\"1 de 3\"><figure class=\"swiper-slide-inner\"><img decoding=\"async\" class=\"swiper-slide-image lazyload\" data-src=\"https:\/\/acriya.co\/website\/wp-content\/uploads\/2020\/04\/800x800-Impresion-5.jpg\" alt=\"800x800-Impresion-5\" src=\"data:image\/svg+xml;base64,PHN2ZyB3aWR0aD0iMSIgaGVpZ2h0PSIxIiB4bWxucz0iaHR0cDovL3d3dy53My5vcmcvMjAwMC9zdmciPjwvc3ZnPg==\" style=\"--smush-placeholder-width: 800px; --smush-placeholder-aspect-ratio: 800\/800;\" \/><\/figure><\/div><div class=\"swiper-slide\" role=\"group\" aria-roledescription=\"slide\" aria-label=\"2 de 3\"><figure class=\"swiper-slide-inner\"><img decoding=\"async\" class=\"swiper-slide-image lazyload\" data-src=\"https:\/\/acriya.co\/website\/wp-content\/uploads\/2020\/04\/800x800-Impresion-6.jpg\" alt=\"800x800-Impresion-6\" src=\"data:image\/svg+xml;base64,PHN2ZyB3aWR0aD0iMSIgaGVpZ2h0PSIxIiB4bWxucz0iaHR0cDovL3d3dy53My5vcmcvMjAwMC9zdmciPjwvc3ZnPg==\" style=\"--smush-placeholder-width: 800px; --smush-placeholder-aspect-ratio: 800\/800;\" \/><\/figure><\/div><div class=\"swiper-slide\" role=\"group\" aria-roledescription=\"slide\" aria-label=\"3 de 3\"><figure class=\"swiper-slide-inner\"><img decoding=\"async\" class=\"swiper-slide-image lazyload\" data-src=\"https:\/\/acriya.co\/website\/wp-content\/uploads\/2020\/04\/800x800-Impresion-4.jpg\" alt=\"800x800-Impresion-4\" src=\"data:image\/svg+xml;base64,PHN2ZyB3aWR0aD0iMSIgaGVpZ2h0PSIxIiB4bWxucz0iaHR0cDovL3d3dy53My5vcmcvMjAwMC9zdmciPjwvc3ZnPg==\" style=\"--smush-placeholder-width: 800px; --smush-placeholder-aspect-ratio: 800\/800;\" \/><\/figure><\/div>\t\t\t<\/div>\n\t\t\t\t\t\t\t\t\t\t\t\t<div class=\"elementor-swiper-button elementor-swiper-button-prev\" role=\"button\" tabindex=\"0\">\n\t\t\t\t\t\t<i aria-hidden=\"true\" class=\"eicon-chevron-left\"><\/i>\t\t\t\t\t<\/div>\n\t\t\t\t\t<div class=\"elementor-swiper-button elementor-swiper-button-next\" role=\"button\" tabindex=\"0\">\n\t\t\t\t\t\t<i aria-hidden=\"true\" class=\"eicon-chevron-right\"><\/i>\t\t\t\t\t<\/div>\n\t\t\t\t\n\t\t\t\t\t\t\t\t\t<div class=\"swiper-pagination\"><\/div>\n\t\t\t\t\t\t\t\t\t<\/div>\n\t\t\t\t\t\t<\/div>\n\t\t\t\t<\/div>\n\t\t\t\t\t<\/div>\n\t\t<\/div>\n\t\t\t\t<div class=\"elementor-column elementor-col-50 elementor-top-column elementor-element elementor-element-83d3667\" data-id=\"83d3667\" data-element_type=\"column\">\n\t\t\t<div class=\"elementor-widget-wrap elementor-element-populated\">\n\t\t\t\t\t\t<div class=\"elementor-element elementor-element-e534d7f elementor-widget elementor-widget-heading\" data-id=\"e534d7f\" data-element_type=\"widget\" data-widget_type=\"heading.default\">\n\t\t\t\t<div class=\"elementor-widget-container\">\n\t\t\t\t\t<h2 class=\"elementor-heading-title elementor-size-default\">IMPRESI\u00d3N DIGITAL<\/h2>\t\t\t\t<\/div>\n\t\t\t\t<\/div>\n\t\t\t\t<div class=\"elementor-element elementor-element-f132f52 elementor-widget elementor-widget-text-editor\" data-id=\"f132f52\" data-element_type=\"widget\" data-widget_type=\"text-editor.default\">\n\t\t\t\t<div class=\"elementor-widget-container\">\n\t\t\t\t\t\t\t\t\t<p>La <strong><span style=\"color: #3366ff;\">impresi\u00f3n digital<\/span><\/strong> a gran formato es una t\u00e9cnica de impresi\u00f3n que ha <strong><span style=\"color: #3366ff;\">revolucionado el mundo de la publicidad<\/span><\/strong>. Permite imprimir im\u00e1genes de alta resoluci\u00f3n en vinilo adhesivo, banners o lonas, lo que lo convierte en una opci\u00f3n ideal para la promoci\u00f3n de productos y servicios. Adem\u00e1s, la <strong><span style=\"color: #3366ff;\">durabilidad<\/span><\/strong> de la impresi\u00f3n digital es <span style=\"color: #3366ff;\"><strong>excepcional<\/strong><\/span>, ya que los materiales utilizados son resistentes a la intemperie.<\/p><p>Si est\u00e1s buscando una <strong><span style=\"color: #3366ff;\">manera efectiva de promocionar tu empresa o evento<\/span><\/strong>, no lo dudes m\u00e1s. La impresi\u00f3n digital a gran formato es la soluci\u00f3n que estabas buscando. Con esta t\u00e9cnica, puedes imprimir desde peque\u00f1as im\u00e1genes hasta enormes carteles publicitarios que captar\u00e1n la atenci\u00f3n de cualquier transe\u00fante. La impresi\u00f3n digital es la mejor opci\u00f3n para cualquier campa\u00f1a publicitaria que busque <strong><span style=\"color: #3366ff;\">impactar de manera eficaz y duradera.<\/span><\/strong><\/p>\t\t\t\t\t\t\t\t<\/div>\n\t\t\t\t<\/div>\n\t\t\t\t<div class=\"elementor-element elementor-element-116dce0 elementor-widget elementor-widget-heading\" data-id=\"116dce0\" data-element_type=\"widget\" data-widget_type=\"heading.default\">\n\t\t\t\t<div class=\"elementor-widget-container\">\n\t\t\t\t\t<h2 class=\"elementor-heading-title elementor-size-large\">Impresiona a lo Grande<\/h2>\t\t\t\t<\/div>\n\t\t\t\t<\/div>\n\t\t\t\t<div class=\"elementor-element elementor-element-d0e4606 elementor-widget elementor-widget-text-editor\" data-id=\"d0e4606\" data-element_type=\"widget\" data-widget_type=\"text-editor.default\">\n\t\t\t\t<div class=\"elementor-widget-container\">\n\t\t\t\t\t\t\t\t\t<p>Somos fabricantes directos y contamos con una <strong><span style=\"color: #3366ff;\">ampl\u00eda experiencia<span style=\"background-color: var(--nv-site-bg); font-family: Poppins, var(--nv-fallback-ff);\">.<\/span><\/span><\/strong><\/p><p>Algunas de las ventajas de comprar con nosotros:<\/p><p style=\"padding-left: 40px;\"><span style=\"color: #3366ff;\"><strong><span style=\"font-family: arial, sans-serif; font-size: 14px; white-space: nowrap; background-color: var(--nv-site-bg);\"><img decoding=\"async\" class=\"emoji lazyload\" role=\"img\" draggable=\"false\" data-src=\"https:\/\/s.w.org\/images\/core\/emoji\/14.0.0\/svg\/2714.svg\" alt=\"\u2714\" src=\"data:image\/svg+xml;base64,PHN2ZyB3aWR0aD0iMSIgaGVpZ2h0PSIxIiB4bWxucz0iaHR0cDovL3d3dy53My5vcmcvMjAwMC9zdmciPjwvc3ZnPg==\" \/> <\/span>Materiales de primera calidad: <\/strong><span style=\"color: #000000;\">Resistencia y Durabilidad garantizados.<\/span><\/span><\/p><p style=\"padding-left: 40px;\"><span style=\"color: #3366ff;\"><strong><span style=\"font-family: arial, sans-serif; font-size: 14px; white-space: nowrap; background-color: var(--nv-site-bg);\"><img decoding=\"async\" class=\"emoji lazyload\" role=\"img\" draggable=\"false\" data-src=\"https:\/\/s.w.org\/images\/core\/emoji\/14.0.0\/svg\/2714.svg\" alt=\"\u2714\" src=\"data:image\/svg+xml;base64,PHN2ZyB3aWR0aD0iMSIgaGVpZ2h0PSIxIiB4bWxucz0iaHR0cDovL3d3dy53My5vcmcvMjAwMC9zdmciPjwvc3ZnPg==\" \/> <\/span>Servicio de dise\u00f1o: <\/strong><span style=\"color: #000000;\">\u00a1Destaca con dise\u00f1os \u00fanicos! Asesor\u00eda que se adapta a las necesidades y estilo de cada cliente.<\/span><span style=\"color: #000000;\">\u00a0<\/span><\/span><\/p><p style=\"padding-left: 40px;\"><span style=\"color: #3366ff;\"><strong><span style=\"font-family: arial, sans-serif; font-size: 14px; white-space: nowrap; background-color: var(--nv-site-bg);\"><img decoding=\"async\" class=\"emoji lazyload\" role=\"img\" draggable=\"false\" data-src=\"https:\/\/s.w.org\/images\/core\/emoji\/14.0.0\/svg\/2714.svg\" alt=\"\u2714\" src=\"data:image\/svg+xml;base64,PHN2ZyB3aWR0aD0iMSIgaGVpZ2h0PSIxIiB4bWxucz0iaHR0cDovL3d3dy53My5vcmcvMjAwMC9zdmciPjwvc3ZnPg==\" \/> <\/span>Cumplimiento<\/strong><\/span> en los plazos de entrega\u00a0<\/p><p>\u00bfQu\u00e9 esperas para contactarnos?<\/p>\t\t\t\t\t\t\t\t<\/div>\n\t\t\t\t<\/div>\n\t\t\t\t\t<\/div>\n\t\t<\/div>\n\t\t\t\t\t<\/div>\n\t\t<\/section>\n\t\t\t\t<section class=\"elementor-section elementor-top-section elementor-element elementor-element-43fe721 elementor-section-boxed elementor-section-height-default elementor-section-height-default\" data-id=\"43fe721\" data-element_type=\"section\">\n\t\t\t\t\t\t<div class=\"elementor-container elementor-column-gap-default\">\n\t\t\t\t\t<div class=\"elementor-column elementor-col-100 elementor-top-column elementor-element elementor-element-56b2916\" data-id=\"56b2916\" data-element_type=\"column\">\n\t\t\t<div class=\"elementor-widget-wrap elementor-element-populated\">\n\t\t\t\t\t\t<div class=\"elementor-element elementor-element-d5b4cf8 elementor-shape-rounded elementor-grid-0 e-grid-align-center elementor-widget elementor-widget-social-icons\" data-id=\"d5b4cf8\" data-element_type=\"widget\" data-widget_type=\"social-icons.default\">\n\t\t\t\t<div class=\"elementor-widget-container\">\n\t\t\t\t\t\t\t<div class=\"elementor-social-icons-wrapper elementor-grid\" role=\"list\">\n\t\t\t\t\t\t\t<span class=\"elementor-grid-item\" role=\"listitem\">\n\t\t\t\t\t<a class=\"elementor-icon elementor-social-icon elementor-social-icon-facebook elementor-repeater-item-a01ee8e\" href=\"https:\/\/www.facebook.com\/acrilicosacriya\/\" target=\"_blank\">\n\t\t\t\t\t\t<span class=\"elementor-screen-only\">Facebook<\/span>\n\t\t\t\t\t\t<i aria-hidden=\"true\" class=\"fab fa-facebook\"><\/i>\t\t\t\t\t<\/a>\n\t\t\t\t<\/span>\n\t\t\t\t\t\t\t<span class=\"elementor-grid-item\" role=\"listitem\">\n\t\t\t\t\t<a class=\"elementor-icon elementor-social-icon elementor-social-icon-instagram elementor-repeater-item-dffbe14\" href=\"https:\/\/www.instagram.com\/acriya.sas\/\" target=\"_blank\">\n\t\t\t\t\t\t<span class=\"elementor-screen-only\">Instagram<\/span>\n\t\t\t\t\t\t<i aria-hidden=\"true\" class=\"fab fa-instagram\"><\/i>\t\t\t\t\t<\/a>\n\t\t\t\t<\/span>\n\t\t\t\t\t\t\t<span class=\"elementor-grid-item\" role=\"listitem\">\n\t\t\t\t\t<a class=\"elementor-icon elementor-social-icon elementor-social-icon-whatsapp elementor-repeater-item-d5fbb52\" href=\"https:\/\/api.whatsapp.com\/send?phone=+573204627661&#038;text=%C2%A1Hola!%20Vi%20tu%20p%C3%A1gina%20web,%20estoy%20interesado%20en%20la%20impresi%C3%B3n%20digital.\" target=\"_blank\">\n\t\t\t\t\t\t<span class=\"elementor-screen-only\">Whatsapp<\/span>\n\t\t\t\t\t\t<i aria-hidden=\"true\" class=\"fab fa-whatsapp\"><\/i>\t\t\t\t\t<\/a>\n\t\t\t\t<\/span>\n\t\t\t\t\t<\/div>\n\t\t\t\t\t\t<\/div>\n\t\t\t\t<\/div>\n\t\t\t\t\t<\/div>\n\t\t<\/div>\n\t\t\t\t\t<\/div>\n\t\t<\/section>\n\t\t\t\t<\/div>\n\t\t","protected":false},"excerpt":{"rendered":"<p>Anterior Siguiente IMPRESI\u00d3N DIGITAL La impresi\u00f3n digital a gran formato es una t\u00e9cnica de impresi\u00f3n que ha revolucionado el mundo de la publicidad. Permite imprimir im\u00e1genes de alta resoluci\u00f3n en vinilo adhesivo, banners o lonas, lo que lo convierte en una opci\u00f3n ideal para la promoci\u00f3n de productos y servicios. Adem\u00e1s, la durabilidad de la&hellip;&nbsp;<a href=\"https:\/\/acriya.co\/website\/impresion-digital-a-gran-formato\/\" rel=\"bookmark\">Leer m\u00e1s &raquo;<span class=\"screen-reader-text\">Impresi\u00f3n digital a gran formato<\/span><\/a><\/p>\n","protected":false},"author":1,"featured_media":0,"parent":0,"menu_order":0,"comment_status":"closed","ping_status":"closed","template":"page-templates\/template-pagebuilder-full-width.php","meta":{"_acf_changed":false,"neve_meta_sidebar":"","neve_meta_container":"","neve_meta_enable_content_width":"","neve_meta_content_width":0,"neve_meta_title_alignment":"","neve_meta_author_avatar":"","neve_post_elements_order":"","neve_meta_disable_header":"","neve_meta_disable_footer":"","neve_meta_disable_title":"","footnotes":""},"class_list":["post-416","page","type-page","status-publish","hentry"],"acf":[],"_links":{"self":[{"href":"https:\/\/acriya.co\/website\/wp-json\/wp\/v2\/pages\/416","targetHints":{"allow":["GET"]}}],"collection":[{"href":"https:\/\/acriya.co\/website\/wp-json\/wp\/v2\/pages"}],"about":[{"href":"https:\/\/acriya.co\/website\/wp-json\/wp\/v2\/types\/page"}],"author":[{"embeddable":true,"href":"https:\/\/acriya.co\/website\/wp-json\/wp\/v2\/users\/1"}],"replies":[{"embeddable":true,"href":"https:\/\/acriya.co\/website\/wp-json\/wp\/v2\/comments?post=416"}],"version-history":[{"count":10,"href":"https:\/\/acriya.co\/website\/wp-json\/wp\/v2\/pages\/416\/revisions"}],"predecessor-version":[{"id":762,"href":"https:\/\/acriya.co\/website\/wp-json\/wp\/v2\/pages\/416\/revisions\/762"}],"wp:attachment":[{"href":"https:\/\/acriya.co\/website\/wp-json\/wp\/v2\/media?parent=416"}],"curies":[{"name":"wp","href":"https:\/\/api.w.org\/{rel}","templated":true}]}}