{"id":414,"date":"2022-01-17T10:29:16","date_gmt":"2022-01-17T15:29:16","guid":{"rendered":"https:\/\/acriya.com\/website\/?page_id=414"},"modified":"2023-03-31T12:49:16","modified_gmt":"2023-03-31T17:49:16","slug":"avisos-3d","status":"publish","type":"page","link":"https:\/\/acriya.co\/website\/avisos-3d\/","title":{"rendered":"Avisos 3D"},"content":{"rendered":"\t\t<div data-elementor-type=\"wp-page\" data-elementor-id=\"414\" class=\"elementor elementor-414\">\n\t\t\t\t\t\t<section class=\"elementor-section elementor-top-section elementor-element elementor-element-46db589 elementor-section-boxed elementor-section-height-default elementor-section-height-default\" data-id=\"46db589\" data-element_type=\"section\">\n\t\t\t\t\t\t<div class=\"elementor-container elementor-column-gap-default\">\n\t\t\t\t\t<div class=\"elementor-column elementor-col-50 elementor-top-column elementor-element elementor-element-3d7b166 elementor-invisible\" data-id=\"3d7b166\" data-element_type=\"column\" data-settings=\"{&quot;animation&quot;:&quot;fadeIn&quot;}\">\n\t\t\t<div class=\"elementor-widget-wrap elementor-element-populated\">\n\t\t\t\t\t\t<div class=\"elementor-element elementor-element-50a68e5 elementor-arrows-position-inside elementor-pagination-position-outside elementor-invisible elementor-widget elementor-widget-image-carousel\" data-id=\"50a68e5\" data-element_type=\"widget\" data-settings=\"{&quot;slides_to_show&quot;:&quot;1&quot;,&quot;_animation&quot;:&quot;fadeIn&quot;,&quot;navigation&quot;:&quot;both&quot;,&quot;autoplay&quot;:&quot;yes&quot;,&quot;pause_on_hover&quot;:&quot;yes&quot;,&quot;pause_on_interaction&quot;:&quot;yes&quot;,&quot;autoplay_speed&quot;:5000,&quot;infinite&quot;:&quot;yes&quot;,&quot;effect&quot;:&quot;slide&quot;,&quot;speed&quot;:500}\" data-widget_type=\"image-carousel.default\">\n\t\t\t\t<div class=\"elementor-widget-container\">\n\t\t\t\t\t\t\t<div class=\"elementor-image-carousel-wrapper swiper\" role=\"region\" aria-roledescription=\"carousel\" aria-label=\"Carrusel de im\u00e1genes\" dir=\"ltr\">\n\t\t\t<div class=\"elementor-image-carousel swiper-wrapper\" aria-live=\"off\">\n\t\t\t\t\t\t\t\t<div class=\"swiper-slide\" role=\"group\" aria-roledescription=\"slide\" aria-label=\"1 de 4\"><figure class=\"swiper-slide-inner\"><img decoding=\"async\" class=\"swiper-slide-image lazyload\" data-src=\"https:\/\/acriya.co\/website\/wp-content\/uploads\/2023\/03\/W-ColWash-2.webp\" alt=\"Aviso acr\u00edlico iluminado Colwash Cantonera alto relieve 3d hecho en Acriya\" src=\"data:image\/svg+xml;base64,PHN2ZyB3aWR0aD0iMSIgaGVpZ2h0PSIxIiB4bWxucz0iaHR0cDovL3d3dy53My5vcmcvMjAwMC9zdmciPjwvc3ZnPg==\" style=\"--smush-placeholder-width: 1024px; --smush-placeholder-aspect-ratio: 1024\/1024;\" \/><\/figure><\/div><div class=\"swiper-slide\" role=\"group\" aria-roledescription=\"slide\" aria-label=\"2 de 4\"><figure class=\"swiper-slide-inner\"><img decoding=\"async\" class=\"swiper-slide-image lazyload\" data-src=\"https:\/\/acriya.co\/website\/wp-content\/uploads\/2023\/03\/W-El-Dorado.webp\" alt=\"W El-Dorado\" src=\"data:image\/svg+xml;base64,PHN2ZyB3aWR0aD0iMSIgaGVpZ2h0PSIxIiB4bWxucz0iaHR0cDovL3d3dy53My5vcmcvMjAwMC9zdmciPjwvc3ZnPg==\" style=\"--smush-placeholder-width: 1024px; --smush-placeholder-aspect-ratio: 1024\/1024;\" \/><\/figure><\/div><div class=\"swiper-slide\" role=\"group\" aria-roledescription=\"slide\" aria-label=\"3 de 4\"><figure class=\"swiper-slide-inner\"><img decoding=\"async\" class=\"swiper-slide-image lazyload\" data-src=\"https:\/\/acriya.co\/website\/wp-content\/uploads\/2023\/03\/W-Emily-en-Paris.webp\" alt=\"Aviso acr\u00edlico alto relieve cantonera 3d hecho en acriya\" src=\"data:image\/svg+xml;base64,PHN2ZyB3aWR0aD0iMSIgaGVpZ2h0PSIxIiB4bWxucz0iaHR0cDovL3d3dy53My5vcmcvMjAwMC9zdmciPjwvc3ZnPg==\" style=\"--smush-placeholder-width: 1024px; --smush-placeholder-aspect-ratio: 1024\/1024;\" \/><\/figure><\/div><div class=\"swiper-slide\" role=\"group\" aria-roledescription=\"slide\" aria-label=\"4 de 4\"><figure class=\"swiper-slide-inner\"><img decoding=\"async\" class=\"swiper-slide-image lazyload\" data-src=\"https:\/\/acriya.co\/website\/wp-content\/uploads\/2023\/03\/W-790.webp\" alt=\"W 790\" src=\"data:image\/svg+xml;base64,PHN2ZyB3aWR0aD0iMSIgaGVpZ2h0PSIxIiB4bWxucz0iaHR0cDovL3d3dy53My5vcmcvMjAwMC9zdmciPjwvc3ZnPg==\" style=\"--smush-placeholder-width: 1024px; --smush-placeholder-aspect-ratio: 1024\/1024;\" \/><\/figure><\/div>\t\t\t<\/div>\n\t\t\t\t\t\t\t\t\t\t\t\t<div class=\"elementor-swiper-button elementor-swiper-button-prev\" role=\"button\" tabindex=\"0\">\n\t\t\t\t\t\t<i aria-hidden=\"true\" class=\"eicon-chevron-left\"><\/i>\t\t\t\t\t<\/div>\n\t\t\t\t\t<div class=\"elementor-swiper-button elementor-swiper-button-next\" role=\"button\" tabindex=\"0\">\n\t\t\t\t\t\t<i aria-hidden=\"true\" class=\"eicon-chevron-right\"><\/i>\t\t\t\t\t<\/div>\n\t\t\t\t\n\t\t\t\t\t\t\t\t\t<div class=\"swiper-pagination\"><\/div>\n\t\t\t\t\t\t\t\t\t<\/div>\n\t\t\t\t\t\t<\/div>\n\t\t\t\t<\/div>\n\t\t\t\t\t<\/div>\n\t\t<\/div>\n\t\t\t\t<div class=\"elementor-column elementor-col-50 elementor-top-column elementor-element elementor-element-fe6cf32\" data-id=\"fe6cf32\" data-element_type=\"column\">\n\t\t\t<div class=\"elementor-widget-wrap elementor-element-populated\">\n\t\t\t\t\t\t<div class=\"elementor-element elementor-element-bf75de2 elementor-widget elementor-widget-heading\" data-id=\"bf75de2\" data-element_type=\"widget\" data-widget_type=\"heading.default\">\n\t\t\t\t<div class=\"elementor-widget-container\">\n\t\t\t\t\t<h2 class=\"elementor-heading-title elementor-size-default\">AVISOS ALTO RELIEVE 3D<\/h2>\t\t\t\t<\/div>\n\t\t\t\t<\/div>\n\t\t\t\t<div class=\"elementor-element elementor-element-68a7365 elementor-widget elementor-widget-text-editor\" data-id=\"68a7365\" data-element_type=\"widget\" data-widget_type=\"text-editor.default\">\n\t\t\t\t<div class=\"elementor-widget-container\">\n\t\t\t\t\t\t\t\t\t<p>Los avisos en alto relieve ofrecen m\u00faltiples beneficios para la imagen de tu negocio. En primer lugar, su dise\u00f1o tridimensional los hace mucho m\u00e1s <span style=\"color: #3366ff;\"><strong>llamativos<\/strong> <\/span>y <strong><span style=\"color: #3366ff;\">atractivos<\/span> <\/strong>a la vista, lo que los convierte en una herramienta poderosa para <strong><span style=\"color: #3366ff;\">atraer la atenci\u00f3n<\/span><\/strong> de clientes potenciales.<\/p>\n<p>Este tipo de avisos hechos en acr\u00edlico son altamente <strong><span style=\"color: #3366ff;\">duraderos<\/span> <\/strong>y <span style=\"color: #3366ff;\"><strong>resistentes<\/strong> <\/span>a las condiciones clim\u00e1ticas, lo que significa que pueden soportar el paso del tiempo sin perder su apariencia original.<\/p>\n<p>Otro beneficio importante de los avisos en alto relieve es que se pueden <strong><span style=\"color: #3366ff;\">personalizar f\u00e1cilmente<\/span><\/strong> seg\u00fan las necesidades de cada negocio, lo que permite crear dise\u00f1os \u00fanicos y creativos que <strong><span style=\"color: #3366ff;\">se adapten a la imagen y estilo de tu marca.<\/span><\/strong><\/p>\t\t\t\t\t\t\t\t<\/div>\n\t\t\t\t<\/div>\n\t\t\t\t<div class=\"elementor-element elementor-element-e070ca6 elementor-widget elementor-widget-heading\" data-id=\"e070ca6\" data-element_type=\"widget\" data-widget_type=\"heading.default\">\n\t\t\t\t<div class=\"elementor-widget-container\">\n\t\t\t\t\t<h2 class=\"elementor-heading-title elementor-size-large\">Dale Volumen a tus Ideas<\/h2>\t\t\t\t<\/div>\n\t\t\t\t<\/div>\n\t\t\t\t<div class=\"elementor-element elementor-element-eac948c elementor-widget elementor-widget-text-editor\" data-id=\"eac948c\" data-element_type=\"widget\" data-widget_type=\"text-editor.default\">\n\t\t\t\t<div class=\"elementor-widget-container\">\n\t\t\t\t\t\t\t\t\t<p>Somos fabricantes directos y contamos con una <strong><span style=\"color: #3366ff;\">ampl\u00eda experiencia<span style=\"background-color: var(--nv-site-bg); font-family: Poppins, var(--nv-fallback-ff);\">.<\/span><\/span><\/strong><\/p><p>Algunas de las ventajas de comprar con nosotros:<\/p><p style=\"padding-left: 40px;\"><span style=\"color: #3366ff;\"><strong><span style=\"font-family: arial, sans-serif; font-size: 14px; white-space: nowrap; background-color: var(--nv-site-bg);\"><img decoding=\"async\" class=\"emoji lazyload\" role=\"img\" draggable=\"false\" data-src=\"https:\/\/s.w.org\/images\/core\/emoji\/14.0.0\/svg\/2714.svg\" alt=\"\u2714\" src=\"data:image\/svg+xml;base64,PHN2ZyB3aWR0aD0iMSIgaGVpZ2h0PSIxIiB4bWxucz0iaHR0cDovL3d3dy53My5vcmcvMjAwMC9zdmciPjwvc3ZnPg==\" \/> <\/span>Materiales de primera calidad: <\/strong><span style=\"color: #000000;\">Resistencia y Durabilidad garantizados.<\/span><\/span><\/p><p style=\"padding-left: 40px;\"><span style=\"color: #3366ff;\"><strong><span style=\"font-family: arial, sans-serif; font-size: 14px; white-space: nowrap; background-color: var(--nv-site-bg);\"><img decoding=\"async\" class=\"emoji lazyload\" role=\"img\" draggable=\"false\" data-src=\"https:\/\/s.w.org\/images\/core\/emoji\/14.0.0\/svg\/2714.svg\" alt=\"\u2714\" src=\"data:image\/svg+xml;base64,PHN2ZyB3aWR0aD0iMSIgaGVpZ2h0PSIxIiB4bWxucz0iaHR0cDovL3d3dy53My5vcmcvMjAwMC9zdmciPjwvc3ZnPg==\" \/> <\/span>Servicio de dise\u00f1o: <\/strong><span style=\"color: #000000;\">\u00a1Destaca con dise\u00f1os \u00fanicos! Asesor\u00eda que se adapta a las necesidades y estilo de cada cliente.<\/span><span style=\"color: #000000;\">\u00a0<\/span><\/span><\/p><p style=\"padding-left: 40px;\"><span style=\"color: #3366ff;\"><strong><span style=\"font-family: arial, sans-serif; font-size: 14px; white-space: nowrap; background-color: var(--nv-site-bg);\"><img decoding=\"async\" class=\"emoji lazyload\" role=\"img\" draggable=\"false\" data-src=\"https:\/\/s.w.org\/images\/core\/emoji\/14.0.0\/svg\/2714.svg\" alt=\"\u2714\" src=\"data:image\/svg+xml;base64,PHN2ZyB3aWR0aD0iMSIgaGVpZ2h0PSIxIiB4bWxucz0iaHR0cDovL3d3dy53My5vcmcvMjAwMC9zdmciPjwvc3ZnPg==\" \/> <\/span>Cumplimiento<\/strong><\/span> en los plazos de entrega\u00a0<\/p><p style=\"padding-left: 40px;\"><span style=\"color: #3366ff;\"><strong><span style=\"font-family: arial, sans-serif; font-size: 14px; white-space: nowrap; background-color: var(--nv-site-bg);\"><img decoding=\"async\" class=\"emoji lazyload\" role=\"img\" draggable=\"false\" data-src=\"https:\/\/s.w.org\/images\/core\/emoji\/14.0.0\/svg\/2714.svg\" alt=\"\u2714\" src=\"data:image\/svg+xml;base64,PHN2ZyB3aWR0aD0iMSIgaGVpZ2h0PSIxIiB4bWxucz0iaHR0cDovL3d3dy53My5vcmcvMjAwMC9zdmciPjwvc3ZnPg==\" \/> <\/span>Garant\u00eda de 6 meses<\/strong><\/span><\/p><p>\u00bfQu\u00e9 esperas para contactarnos?<\/p>\t\t\t\t\t\t\t\t<\/div>\n\t\t\t\t<\/div>\n\t\t\t\t\t<\/div>\n\t\t<\/div>\n\t\t\t\t\t<\/div>\n\t\t<\/section>\n\t\t\t\t<section class=\"elementor-section elementor-top-section elementor-element elementor-element-b56da1c elementor-section-boxed elementor-section-height-default elementor-section-height-default\" data-id=\"b56da1c\" data-element_type=\"section\">\n\t\t\t\t\t\t<div class=\"elementor-container elementor-column-gap-default\">\n\t\t\t\t\t<div class=\"elementor-column elementor-col-100 elementor-top-column elementor-element elementor-element-ebde620\" data-id=\"ebde620\" data-element_type=\"column\">\n\t\t\t<div class=\"elementor-widget-wrap elementor-element-populated\">\n\t\t\t\t\t\t<div class=\"elementor-element elementor-element-5473d01 elementor-shape-rounded elementor-grid-0 e-grid-align-center elementor-widget elementor-widget-social-icons\" data-id=\"5473d01\" data-element_type=\"widget\" data-widget_type=\"social-icons.default\">\n\t\t\t\t<div class=\"elementor-widget-container\">\n\t\t\t\t\t\t\t<div class=\"elementor-social-icons-wrapper elementor-grid\" role=\"list\">\n\t\t\t\t\t\t\t<span class=\"elementor-grid-item\" role=\"listitem\">\n\t\t\t\t\t<a class=\"elementor-icon elementor-social-icon elementor-social-icon-facebook elementor-repeater-item-a01ee8e\" href=\"https:\/\/www.facebook.com\/acrilicosacriya\/\" target=\"_blank\">\n\t\t\t\t\t\t<span class=\"elementor-screen-only\">Facebook<\/span>\n\t\t\t\t\t\t<i aria-hidden=\"true\" class=\"fab fa-facebook\"><\/i>\t\t\t\t\t<\/a>\n\t\t\t\t<\/span>\n\t\t\t\t\t\t\t<span class=\"elementor-grid-item\" role=\"listitem\">\n\t\t\t\t\t<a class=\"elementor-icon elementor-social-icon elementor-social-icon-instagram elementor-repeater-item-dffbe14\" href=\"https:\/\/www.instagram.com\/acriya.sas\/\" target=\"_blank\">\n\t\t\t\t\t\t<span class=\"elementor-screen-only\">Instagram<\/span>\n\t\t\t\t\t\t<i aria-hidden=\"true\" class=\"fab fa-instagram\"><\/i>\t\t\t\t\t<\/a>\n\t\t\t\t<\/span>\n\t\t\t\t\t\t\t<span class=\"elementor-grid-item\" role=\"listitem\">\n\t\t\t\t\t<a class=\"elementor-icon elementor-social-icon elementor-social-icon-whatsapp elementor-repeater-item-d5fbb52\" href=\"https:\/\/api.whatsapp.com\/send?phone=+573204627661&#038;text=%C2%A1Hola!%20%C2%A1Vi%20tu%20p%C3%A1gina%20web%20y%20me%20encantar%C3%ADa%20un%20aviso%20en%20alto%20relieve!%20%C2%BFPodemos%20hablar%20m%C3%A1s%20sobre%20c%C3%B3mo%20podemos%20llevar%20a%20cabo%20este%20proyecto%20juntos?\" target=\"_blank\">\n\t\t\t\t\t\t<span class=\"elementor-screen-only\">Whatsapp<\/span>\n\t\t\t\t\t\t<i aria-hidden=\"true\" class=\"fab fa-whatsapp\"><\/i>\t\t\t\t\t<\/a>\n\t\t\t\t<\/span>\n\t\t\t\t\t<\/div>\n\t\t\t\t\t\t<\/div>\n\t\t\t\t<\/div>\n\t\t\t\t\t<\/div>\n\t\t<\/div>\n\t\t\t\t\t<\/div>\n\t\t<\/section>\n\t\t\t\t<\/div>\n\t\t","protected":false},"excerpt":{"rendered":"<p>Anterior Siguiente AVISOS ALTO RELIEVE 3D Los avisos en alto relieve ofrecen m\u00faltiples beneficios para la imagen de tu negocio. En primer lugar, su dise\u00f1o tridimensional los hace mucho m\u00e1s llamativos y atractivos a la vista, lo que los convierte en una herramienta poderosa para atraer la atenci\u00f3n de clientes potenciales. Este tipo de avisos&hellip;&nbsp;<a href=\"https:\/\/acriya.co\/website\/avisos-3d\/\" rel=\"bookmark\">Leer m\u00e1s &raquo;<span class=\"screen-reader-text\">Avisos 3D<\/span><\/a><\/p>\n","protected":false},"author":1,"featured_media":0,"parent":0,"menu_order":0,"comment_status":"closed","ping_status":"closed","template":"page-templates\/template-pagebuilder-full-width.php","meta":{"_acf_changed":false,"neve_meta_sidebar":"","neve_meta_container":"","neve_meta_enable_content_width":"","neve_meta_content_width":0,"neve_meta_title_alignment":"","neve_meta_author_avatar":"","neve_post_elements_order":"","neve_meta_disable_header":"","neve_meta_disable_footer":"","neve_meta_disable_title":"","footnotes":""},"class_list":["post-414","page","type-page","status-publish","hentry"],"acf":[],"_links":{"self":[{"href":"https:\/\/acriya.co\/website\/wp-json\/wp\/v2\/pages\/414","targetHints":{"allow":["GET"]}}],"collection":[{"href":"https:\/\/acriya.co\/website\/wp-json\/wp\/v2\/pages"}],"about":[{"href":"https:\/\/acriya.co\/website\/wp-json\/wp\/v2\/types\/page"}],"author":[{"embeddable":true,"href":"https:\/\/acriya.co\/website\/wp-json\/wp\/v2\/users\/1"}],"replies":[{"embeddable":true,"href":"https:\/\/acriya.co\/website\/wp-json\/wp\/v2\/comments?post=414"}],"version-history":[{"count":7,"href":"https:\/\/acriya.co\/website\/wp-json\/wp\/v2\/pages\/414\/revisions"}],"predecessor-version":[{"id":752,"href":"https:\/\/acriya.co\/website\/wp-json\/wp\/v2\/pages\/414\/revisions\/752"}],"wp:attachment":[{"href":"https:\/\/acriya.co\/website\/wp-json\/wp\/v2\/media?parent=414"}],"curies":[{"name":"wp","href":"https:\/\/api.w.org\/{rel}","templated":true}]}}