{"id":138,"date":"2020-04-01T18:53:55","date_gmt":"2020-04-01T23:53:55","guid":{"rendered":"https:\/\/acriya.com\/website\/?page_id=138"},"modified":"2021-02-20T10:52:01","modified_gmt":"2021-02-20T15:52:01","slug":"galeria-de-avisos-publicitarios-acrilicos-acriya","status":"publish","type":"page","link":"https:\/\/acriya.co\/website\/galeria-de-avisos-publicitarios-acrilicos-acriya\/","title":{"rendered":"Galer\u00eda"},"content":{"rendered":"\t\t<div data-elementor-type=\"wp-page\" data-elementor-id=\"138\" class=\"elementor elementor-138\">\n\t\t\t\t\t\t<section class=\"elementor-section elementor-top-section elementor-element elementor-element-c71a402 elementor-section-boxed elementor-section-height-default elementor-section-height-default\" data-id=\"c71a402\" data-element_type=\"section\">\n\t\t\t\t\t\t<div class=\"elementor-container elementor-column-gap-default\">\n\t\t\t\t\t<div class=\"elementor-column elementor-col-100 elementor-top-column elementor-element elementor-element-701d335\" data-id=\"701d335\" data-element_type=\"column\">\n\t\t\t<div class=\"elementor-widget-wrap elementor-element-populated\">\n\t\t\t\t\t\t<div class=\"elementor-element elementor-element-5f020cc animated-slow elementor-invisible elementor-widget elementor-widget-heading\" data-id=\"5f020cc\" data-element_type=\"widget\" data-settings=\"{&quot;_animation&quot;:&quot;fadeInDown&quot;}\" data-widget_type=\"heading.default\">\n\t\t\t\t<div class=\"elementor-widget-container\">\n\t\t\t\t\t<h2 class=\"elementor-heading-title elementor-size-default\">Galer\u00eda<\/h2>\t\t\t\t<\/div>\n\t\t\t\t<\/div>\n\t\t\t\t<div class=\"elementor-element elementor-element-06ef15a elementor-widget elementor-widget-text-editor\" data-id=\"06ef15a\" data-element_type=\"widget\" data-widget_type=\"text-editor.default\">\n\t\t\t\t<div class=\"elementor-widget-container\">\n\t\t\t\t\t\t\t\t\t<p>Aqu\u00ed encontrar\u00e1s una galer\u00eda de nuestros trabajos realizados.<\/p><p>Una muestra de nuestra labor, calidad y profesionalismo.<\/p>\t\t\t\t\t\t\t\t<\/div>\n\t\t\t\t<\/div>\n\t\t\t\t\t<\/div>\n\t\t<\/div>\n\t\t\t\t\t<\/div>\n\t\t<\/section>\n\t\t\t\t<section class=\"elementor-section elementor-top-section elementor-element elementor-element-1bbf3b7 animated-slow elementor-section-boxed elementor-section-height-default elementor-section-height-default elementor-invisible\" data-id=\"1bbf3b7\" data-element_type=\"section\" data-settings=\"{&quot;animation&quot;:&quot;fadeIn&quot;}\">\n\t\t\t\t\t\t<div class=\"elementor-container elementor-column-gap-default\">\n\t\t\t\t\t<div class=\"elementor-column elementor-col-100 elementor-top-column elementor-element elementor-element-1eb5b11\" data-id=\"1eb5b11\" data-element_type=\"column\">\n\t\t\t<div class=\"elementor-widget-wrap elementor-element-populated\">\n\t\t\t\t\t\t<div class=\"elementor-element elementor-element-4a0b33f gallery-spacing-custom elementor-widget elementor-widget-image-gallery\" data-id=\"4a0b33f\" data-element_type=\"widget\" data-widget_type=\"image-gallery.default\">\n\t\t\t\t<div class=\"elementor-widget-container\">\n\t\t\t\t\t\t\t<div class=\"elementor-image-gallery\">\n\t\t\t<div id='gallery-1' class='gallery galleryid-138 gallery-columns-4 gallery-size-medium'><figure class='gallery-item'>\n\t\t\t<div class='gallery-icon landscape'>\n\t\t\t\t<a data-elementor-open-lightbox=\"yes\" data-elementor-lightbox-slideshow=\"4a0b33f\" data-elementor-lightbox-title=\"800x800-Imagen-5\" data-e-action-hash=\"#elementor-action%3Aaction%3Dlightbox%26settings%3DeyJpZCI6OTUsInVybCI6Imh0dHBzOlwvXC9hY3JpeWEuY29cL3dlYnNpdGVcL3dwLWNvbnRlbnRcL3VwbG9hZHNcLzIwMjBcLzA0XC84MDB4ODAwLUltYWdlbi01LmpwZyIsInNsaWRlc2hvdyI6IjRhMGIzM2YifQ%3D%3D\" href='https:\/\/acriya.co\/website\/wp-content\/uploads\/2020\/04\/800x800-Imagen-5.jpg'><img fetchpriority=\"high\" decoding=\"async\" width=\"300\" height=\"300\" src=\"https:\/\/acriya.co\/website\/wp-content\/uploads\/2020\/04\/800x800-Imagen-5-300x300.jpg\" class=\"attachment-medium size-medium\" alt=\"\" aria-describedby=\"gallery-1-95\" srcset=\"https:\/\/acriya.co\/website\/wp-content\/uploads\/2020\/04\/800x800-Imagen-5-300x300.jpg 300w, https:\/\/acriya.co\/website\/wp-content\/uploads\/2020\/04\/800x800-Imagen-5-150x150.jpg 150w, https:\/\/acriya.co\/website\/wp-content\/uploads\/2020\/04\/800x800-Imagen-5-768x768.jpg 768w, https:\/\/acriya.co\/website\/wp-content\/uploads\/2020\/04\/800x800-Imagen-5.jpg 800w\" sizes=\"(max-width: 300px) 100vw, 300px\" \/><\/a>\n\t\t\t<\/div>\n\t\t\t\t<figcaption class='wp-caption-text gallery-caption' id='gallery-1-95'>\n\t\t\t\tAviso Old Par\n\t\t\t\t<\/figcaption><\/figure><figure class='gallery-item'>\n\t\t\t<div class='gallery-icon landscape'>\n\t\t\t\t<a data-elementor-open-lightbox=\"yes\" data-elementor-lightbox-slideshow=\"4a0b33f\" data-elementor-lightbox-title=\"800x800-Galeria-2\" data-e-action-hash=\"#elementor-action%3Aaction%3Dlightbox%26settings%3DeyJpZCI6MjYxLCJ1cmwiOiJodHRwczpcL1wvYWNyaXlhLmNvXC93ZWJzaXRlXC93cC1jb250ZW50XC91cGxvYWRzXC8yMDIwXC8wNFwvODAweDgwMC1HYWxlcmlhLTIuanBnIiwic2xpZGVzaG93IjoiNGEwYjMzZiJ9\" href='https:\/\/acriya.co\/website\/wp-content\/uploads\/2020\/04\/800x800-Galeria-2.jpg'><img decoding=\"async\" width=\"300\" height=\"300\" data-src=\"https:\/\/acriya.co\/website\/wp-content\/uploads\/2020\/04\/800x800-Galeria-2-300x300.jpg\" class=\"attachment-medium size-medium lazyload\" alt=\"\" data-srcset=\"https:\/\/acriya.co\/website\/wp-content\/uploads\/2020\/04\/800x800-Galeria-2-300x300.jpg 300w, https:\/\/acriya.co\/website\/wp-content\/uploads\/2020\/04\/800x800-Galeria-2-150x150.jpg 150w, https:\/\/acriya.co\/website\/wp-content\/uploads\/2020\/04\/800x800-Galeria-2-768x768.jpg 768w, https:\/\/acriya.co\/website\/wp-content\/uploads\/2020\/04\/800x800-Galeria-2.jpg 800w\" data-sizes=\"(max-width: 300px) 100vw, 300px\" src=\"data:image\/svg+xml;base64,PHN2ZyB3aWR0aD0iMSIgaGVpZ2h0PSIxIiB4bWxucz0iaHR0cDovL3d3dy53My5vcmcvMjAwMC9zdmciPjwvc3ZnPg==\" style=\"--smush-placeholder-width: 300px; --smush-placeholder-aspect-ratio: 300\/300;\" \/><\/a>\n\t\t\t<\/div><\/figure><figure class='gallery-item'>\n\t\t\t<div class='gallery-icon landscape'>\n\t\t\t\t<a data-elementor-open-lightbox=\"yes\" data-elementor-lightbox-slideshow=\"4a0b33f\" data-elementor-lightbox-title=\"800x800-Galeria-4\" data-e-action-hash=\"#elementor-action%3Aaction%3Dlightbox%26settings%3DeyJpZCI6MjYzLCJ1cmwiOiJodHRwczpcL1wvYWNyaXlhLmNvXC93ZWJzaXRlXC93cC1jb250ZW50XC91cGxvYWRzXC8yMDIwXC8wNFwvODAweDgwMC1HYWxlcmlhLTQuanBnIiwic2xpZGVzaG93IjoiNGEwYjMzZiJ9\" href='https:\/\/acriya.co\/website\/wp-content\/uploads\/2020\/04\/800x800-Galeria-4.jpg'><img decoding=\"async\" width=\"300\" height=\"300\" data-src=\"https:\/\/acriya.co\/website\/wp-content\/uploads\/2020\/04\/800x800-Galeria-4-300x300.jpg\" class=\"attachment-medium size-medium lazyload\" alt=\"\" data-srcset=\"https:\/\/acriya.co\/website\/wp-content\/uploads\/2020\/04\/800x800-Galeria-4-300x300.jpg 300w, https:\/\/acriya.co\/website\/wp-content\/uploads\/2020\/04\/800x800-Galeria-4-150x150.jpg 150w, https:\/\/acriya.co\/website\/wp-content\/uploads\/2020\/04\/800x800-Galeria-4-768x768.jpg 768w, https:\/\/acriya.co\/website\/wp-content\/uploads\/2020\/04\/800x800-Galeria-4.jpg 800w\" data-sizes=\"(max-width: 300px) 100vw, 300px\" src=\"data:image\/svg+xml;base64,PHN2ZyB3aWR0aD0iMSIgaGVpZ2h0PSIxIiB4bWxucz0iaHR0cDovL3d3dy53My5vcmcvMjAwMC9zdmciPjwvc3ZnPg==\" style=\"--smush-placeholder-width: 300px; --smush-placeholder-aspect-ratio: 300\/300;\" \/><\/a>\n\t\t\t<\/div><\/figure><figure class='gallery-item'>\n\t\t\t<div class='gallery-icon landscape'>\n\t\t\t\t<a data-elementor-open-lightbox=\"yes\" data-elementor-lightbox-slideshow=\"4a0b33f\" data-elementor-lightbox-title=\"800x800-Galeria-5\" data-e-action-hash=\"#elementor-action%3Aaction%3Dlightbox%26settings%3DeyJpZCI6MjY0LCJ1cmwiOiJodHRwczpcL1wvYWNyaXlhLmNvXC93ZWJzaXRlXC93cC1jb250ZW50XC91cGxvYWRzXC8yMDIwXC8wNFwvODAweDgwMC1HYWxlcmlhLTUuanBnIiwic2xpZGVzaG93IjoiNGEwYjMzZiJ9\" href='https:\/\/acriya.co\/website\/wp-content\/uploads\/2020\/04\/800x800-Galeria-5.jpg'><img decoding=\"async\" width=\"300\" height=\"300\" data-src=\"https:\/\/acriya.co\/website\/wp-content\/uploads\/2020\/04\/800x800-Galeria-5-300x300.jpg\" class=\"attachment-medium size-medium lazyload\" alt=\"\" data-srcset=\"https:\/\/acriya.co\/website\/wp-content\/uploads\/2020\/04\/800x800-Galeria-5-300x300.jpg 300w, https:\/\/acriya.co\/website\/wp-content\/uploads\/2020\/04\/800x800-Galeria-5-150x150.jpg 150w, https:\/\/acriya.co\/website\/wp-content\/uploads\/2020\/04\/800x800-Galeria-5-768x768.jpg 768w, https:\/\/acriya.co\/website\/wp-content\/uploads\/2020\/04\/800x800-Galeria-5.jpg 800w\" data-sizes=\"(max-width: 300px) 100vw, 300px\" src=\"data:image\/svg+xml;base64,PHN2ZyB3aWR0aD0iMSIgaGVpZ2h0PSIxIiB4bWxucz0iaHR0cDovL3d3dy53My5vcmcvMjAwMC9zdmciPjwvc3ZnPg==\" style=\"--smush-placeholder-width: 300px; --smush-placeholder-aspect-ratio: 300\/300;\" \/><\/a>\n\t\t\t<\/div><\/figure><figure class='gallery-item'>\n\t\t\t<div class='gallery-icon landscape'>\n\t\t\t\t<a data-elementor-open-lightbox=\"yes\" data-elementor-lightbox-slideshow=\"4a0b33f\" data-elementor-lightbox-title=\"800x800-Galeria-7\" data-e-action-hash=\"#elementor-action%3Aaction%3Dlightbox%26settings%3DeyJpZCI6MjY2LCJ1cmwiOiJodHRwczpcL1wvYWNyaXlhLmNvXC93ZWJzaXRlXC93cC1jb250ZW50XC91cGxvYWRzXC8yMDIwXC8wNFwvODAweDgwMC1HYWxlcmlhLTcuanBnIiwic2xpZGVzaG93IjoiNGEwYjMzZiJ9\" href='https:\/\/acriya.co\/website\/wp-content\/uploads\/2020\/04\/800x800-Galeria-7.jpg'><img decoding=\"async\" width=\"300\" height=\"300\" data-src=\"https:\/\/acriya.co\/website\/wp-content\/uploads\/2020\/04\/800x800-Galeria-7-300x300.jpg\" class=\"attachment-medium size-medium lazyload\" alt=\"\" data-srcset=\"https:\/\/acriya.co\/website\/wp-content\/uploads\/2020\/04\/800x800-Galeria-7-300x300.jpg 300w, https:\/\/acriya.co\/website\/wp-content\/uploads\/2020\/04\/800x800-Galeria-7-150x150.jpg 150w, https:\/\/acriya.co\/website\/wp-content\/uploads\/2020\/04\/800x800-Galeria-7-768x768.jpg 768w, https:\/\/acriya.co\/website\/wp-content\/uploads\/2020\/04\/800x800-Galeria-7.jpg 800w\" data-sizes=\"(max-width: 300px) 100vw, 300px\" src=\"data:image\/svg+xml;base64,PHN2ZyB3aWR0aD0iMSIgaGVpZ2h0PSIxIiB4bWxucz0iaHR0cDovL3d3dy53My5vcmcvMjAwMC9zdmciPjwvc3ZnPg==\" style=\"--smush-placeholder-width: 300px; --smush-placeholder-aspect-ratio: 300\/300;\" \/><\/a>\n\t\t\t<\/div><\/figure><figure class='gallery-item'>\n\t\t\t<div class='gallery-icon landscape'>\n\t\t\t\t<a data-elementor-open-lightbox=\"yes\" data-elementor-lightbox-slideshow=\"4a0b33f\" data-elementor-lightbox-title=\"800x800-Galeria-10\" data-e-action-hash=\"#elementor-action%3Aaction%3Dlightbox%26settings%3DeyJpZCI6MjY5LCJ1cmwiOiJodHRwczpcL1wvYWNyaXlhLmNvXC93ZWJzaXRlXC93cC1jb250ZW50XC91cGxvYWRzXC8yMDIwXC8wNFwvODAweDgwMC1HYWxlcmlhLTEwLmpwZyIsInNsaWRlc2hvdyI6IjRhMGIzM2YifQ%3D%3D\" href='https:\/\/acriya.co\/website\/wp-content\/uploads\/2020\/04\/800x800-Galeria-10.jpg'><img decoding=\"async\" width=\"300\" height=\"300\" data-src=\"https:\/\/acriya.co\/website\/wp-content\/uploads\/2020\/04\/800x800-Galeria-10-300x300.jpg\" class=\"attachment-medium size-medium lazyload\" alt=\"\" data-srcset=\"https:\/\/acriya.co\/website\/wp-content\/uploads\/2020\/04\/800x800-Galeria-10-300x300.jpg 300w, https:\/\/acriya.co\/website\/wp-content\/uploads\/2020\/04\/800x800-Galeria-10-150x150.jpg 150w, https:\/\/acriya.co\/website\/wp-content\/uploads\/2020\/04\/800x800-Galeria-10-768x768.jpg 768w, https:\/\/acriya.co\/website\/wp-content\/uploads\/2020\/04\/800x800-Galeria-10.jpg 800w\" data-sizes=\"(max-width: 300px) 100vw, 300px\" src=\"data:image\/svg+xml;base64,PHN2ZyB3aWR0aD0iMSIgaGVpZ2h0PSIxIiB4bWxucz0iaHR0cDovL3d3dy53My5vcmcvMjAwMC9zdmciPjwvc3ZnPg==\" style=\"--smush-placeholder-width: 300px; --smush-placeholder-aspect-ratio: 300\/300;\" \/><\/a>\n\t\t\t<\/div><\/figure><figure class='gallery-item'>\n\t\t\t<div class='gallery-icon landscape'>\n\t\t\t\t<a data-elementor-open-lightbox=\"yes\" data-elementor-lightbox-slideshow=\"4a0b33f\" data-elementor-lightbox-title=\"800x800-Galeria-11\" data-e-action-hash=\"#elementor-action%3Aaction%3Dlightbox%26settings%3DeyJpZCI6MjcwLCJ1cmwiOiJodHRwczpcL1wvYWNyaXlhLmNvXC93ZWJzaXRlXC93cC1jb250ZW50XC91cGxvYWRzXC8yMDIwXC8wNFwvODAweDgwMC1HYWxlcmlhLTExLmpwZyIsInNsaWRlc2hvdyI6IjRhMGIzM2YifQ%3D%3D\" href='https:\/\/acriya.co\/website\/wp-content\/uploads\/2020\/04\/800x800-Galeria-11.jpg'><img decoding=\"async\" width=\"300\" height=\"300\" data-src=\"https:\/\/acriya.co\/website\/wp-content\/uploads\/2020\/04\/800x800-Galeria-11-300x300.jpg\" class=\"attachment-medium size-medium lazyload\" alt=\"\" data-srcset=\"https:\/\/acriya.co\/website\/wp-content\/uploads\/2020\/04\/800x800-Galeria-11-300x300.jpg 300w, https:\/\/acriya.co\/website\/wp-content\/uploads\/2020\/04\/800x800-Galeria-11-150x150.jpg 150w, https:\/\/acriya.co\/website\/wp-content\/uploads\/2020\/04\/800x800-Galeria-11-768x768.jpg 768w, https:\/\/acriya.co\/website\/wp-content\/uploads\/2020\/04\/800x800-Galeria-11.jpg 800w\" data-sizes=\"(max-width: 300px) 100vw, 300px\" src=\"data:image\/svg+xml;base64,PHN2ZyB3aWR0aD0iMSIgaGVpZ2h0PSIxIiB4bWxucz0iaHR0cDovL3d3dy53My5vcmcvMjAwMC9zdmciPjwvc3ZnPg==\" style=\"--smush-placeholder-width: 300px; --smush-placeholder-aspect-ratio: 300\/300;\" \/><\/a>\n\t\t\t<\/div><\/figure><figure class='gallery-item'>\n\t\t\t<div class='gallery-icon landscape'>\n\t\t\t\t<a data-elementor-open-lightbox=\"yes\" data-elementor-lightbox-slideshow=\"4a0b33f\" data-elementor-lightbox-title=\"800x800-Galeria-12\" data-e-action-hash=\"#elementor-action%3Aaction%3Dlightbox%26settings%3DeyJpZCI6MjcxLCJ1cmwiOiJodHRwczpcL1wvYWNyaXlhLmNvXC93ZWJzaXRlXC93cC1jb250ZW50XC91cGxvYWRzXC8yMDIwXC8wNFwvODAweDgwMC1HYWxlcmlhLTEyLmpwZyIsInNsaWRlc2hvdyI6IjRhMGIzM2YifQ%3D%3D\" href='https:\/\/acriya.co\/website\/wp-content\/uploads\/2020\/04\/800x800-Galeria-12.jpg'><img decoding=\"async\" width=\"300\" height=\"300\" data-src=\"https:\/\/acriya.co\/website\/wp-content\/uploads\/2020\/04\/800x800-Galeria-12-300x300.jpg\" class=\"attachment-medium size-medium lazyload\" alt=\"\" data-srcset=\"https:\/\/acriya.co\/website\/wp-content\/uploads\/2020\/04\/800x800-Galeria-12-300x300.jpg 300w, https:\/\/acriya.co\/website\/wp-content\/uploads\/2020\/04\/800x800-Galeria-12-150x150.jpg 150w, https:\/\/acriya.co\/website\/wp-content\/uploads\/2020\/04\/800x800-Galeria-12-768x768.jpg 768w, https:\/\/acriya.co\/website\/wp-content\/uploads\/2020\/04\/800x800-Galeria-12.jpg 800w\" data-sizes=\"(max-width: 300px) 100vw, 300px\" src=\"data:image\/svg+xml;base64,PHN2ZyB3aWR0aD0iMSIgaGVpZ2h0PSIxIiB4bWxucz0iaHR0cDovL3d3dy53My5vcmcvMjAwMC9zdmciPjwvc3ZnPg==\" style=\"--smush-placeholder-width: 300px; --smush-placeholder-aspect-ratio: 300\/300;\" \/><\/a>\n\t\t\t<\/div><\/figure><figure class='gallery-item'>\n\t\t\t<div class='gallery-icon landscape'>\n\t\t\t\t<a data-elementor-open-lightbox=\"yes\" data-elementor-lightbox-slideshow=\"4a0b33f\" data-elementor-lightbox-title=\"800x800-Galeria-13\" data-e-action-hash=\"#elementor-action%3Aaction%3Dlightbox%26settings%3DeyJpZCI6MjcyLCJ1cmwiOiJodHRwczpcL1wvYWNyaXlhLmNvXC93ZWJzaXRlXC93cC1jb250ZW50XC91cGxvYWRzXC8yMDIwXC8wNFwvODAweDgwMC1HYWxlcmlhLTEzLmpwZyIsInNsaWRlc2hvdyI6IjRhMGIzM2YifQ%3D%3D\" href='https:\/\/acriya.co\/website\/wp-content\/uploads\/2020\/04\/800x800-Galeria-13.jpg'><img decoding=\"async\" width=\"300\" height=\"300\" data-src=\"https:\/\/acriya.co\/website\/wp-content\/uploads\/2020\/04\/800x800-Galeria-13-300x300.jpg\" class=\"attachment-medium size-medium lazyload\" alt=\"\" data-srcset=\"https:\/\/acriya.co\/website\/wp-content\/uploads\/2020\/04\/800x800-Galeria-13-300x300.jpg 300w, https:\/\/acriya.co\/website\/wp-content\/uploads\/2020\/04\/800x800-Galeria-13-150x150.jpg 150w, https:\/\/acriya.co\/website\/wp-content\/uploads\/2020\/04\/800x800-Galeria-13-768x768.jpg 768w, https:\/\/acriya.co\/website\/wp-content\/uploads\/2020\/04\/800x800-Galeria-13.jpg 800w\" data-sizes=\"(max-width: 300px) 100vw, 300px\" src=\"data:image\/svg+xml;base64,PHN2ZyB3aWR0aD0iMSIgaGVpZ2h0PSIxIiB4bWxucz0iaHR0cDovL3d3dy53My5vcmcvMjAwMC9zdmciPjwvc3ZnPg==\" style=\"--smush-placeholder-width: 300px; --smush-placeholder-aspect-ratio: 300\/300;\" \/><\/a>\n\t\t\t<\/div><\/figure>\n\t\t<\/div>\n\t\t<\/div>\n\t\t\t\t\t\t<\/div>\n\t\t\t\t<\/div>\n\t\t\t\t\t<\/div>\n\t\t<\/div>\n\t\t\t\t\t<\/div>\n\t\t<\/section>\n\t\t\t\t<\/div>\n\t\t","protected":false},"excerpt":{"rendered":"<p>Galer\u00eda Aqu\u00ed encontrar\u00e1s una galer\u00eda de nuestros trabajos realizados. Una muestra de nuestra labor, calidad y profesionalismo. Aviso Old Par Aviso Sala de negocios<\/p>\n","protected":false},"author":1,"featured_media":0,"parent":0,"menu_order":0,"comment_status":"closed","ping_status":"closed","template":"page-templates\/template-pagebuilder-full-width.php","meta":{"_acf_changed":false,"neve_meta_sidebar":"full-width","neve_meta_container":"","neve_meta_enable_content_width":"on","neve_meta_content_width":100,"neve_meta_title_alignment":"","neve_meta_author_avatar":"","neve_post_elements_order":"","neve_meta_disable_header":"","neve_meta_disable_footer":"","neve_meta_disable_title":"","footnotes":""},"class_list":["post-138","page","type-page","status-publish","hentry"],"acf":[],"_links":{"self":[{"href":"https:\/\/acriya.co\/website\/wp-json\/wp\/v2\/pages\/138","targetHints":{"allow":["GET"]}}],"collection":[{"href":"https:\/\/acriya.co\/website\/wp-json\/wp\/v2\/pages"}],"about":[{"href":"https:\/\/acriya.co\/website\/wp-json\/wp\/v2\/types\/page"}],"author":[{"embeddable":true,"href":"https:\/\/acriya.co\/website\/wp-json\/wp\/v2\/users\/1"}],"replies":[{"embeddable":true,"href":"https:\/\/acriya.co\/website\/wp-json\/wp\/v2\/comments?post=138"}],"version-history":[{"count":8,"href":"https:\/\/acriya.co\/website\/wp-json\/wp\/v2\/pages\/138\/revisions"}],"predecessor-version":[{"id":318,"href":"https:\/\/acriya.co\/website\/wp-json\/wp\/v2\/pages\/138\/revisions\/318"}],"wp:attachment":[{"href":"https:\/\/acriya.co\/website\/wp-json\/wp\/v2\/media?parent=138"}],"curies":[{"name":"wp","href":"https:\/\/api.w.org\/{rel}","templated":true}]}}