{"id":131,"date":"2020-04-01T18:47:34","date_gmt":"2020-04-01T23:47:34","guid":{"rendered":"https:\/\/acriya.com\/website\/?page_id=131"},"modified":"2021-02-20T10:48:26","modified_gmt":"2021-02-20T15:48:26","slug":"productos-de-acrilico-alucobond-poliestireno-avisos-publicitarios","status":"publish","type":"page","link":"https:\/\/acriya.co\/website\/productos-de-acrilico-alucobond-poliestireno-avisos-publicitarios\/","title":{"rendered":"Productos"},"content":{"rendered":"\t\t<div data-elementor-type=\"wp-page\" data-elementor-id=\"131\" class=\"elementor elementor-131\">\n\t\t\t\t\t\t<section class=\"elementor-section elementor-top-section elementor-element elementor-element-fe2f7b7 elementor-section-boxed elementor-section-height-default elementor-section-height-default\" data-id=\"fe2f7b7\" data-element_type=\"section\">\n\t\t\t\t\t\t<div class=\"elementor-container elementor-column-gap-default\">\n\t\t\t\t\t<div class=\"elementor-column elementor-col-100 elementor-top-column elementor-element elementor-element-533cd7a\" data-id=\"533cd7a\" data-element_type=\"column\">\n\t\t\t<div class=\"elementor-widget-wrap elementor-element-populated\">\n\t\t\t\t\t\t<div class=\"elementor-element elementor-element-16c7f71 animated-slow elementor-invisible elementor-widget elementor-widget-heading\" data-id=\"16c7f71\" data-element_type=\"widget\" data-settings=\"{&quot;_animation&quot;:&quot;fadeInDown&quot;}\" data-widget_type=\"heading.default\">\n\t\t\t\t<div class=\"elementor-widget-container\">\n\t\t\t\t\t<h2 class=\"elementor-heading-title elementor-size-default\">Productos<\/h2>\t\t\t\t<\/div>\n\t\t\t\t<\/div>\n\t\t\t\t\t<\/div>\n\t\t<\/div>\n\t\t\t\t\t<\/div>\n\t\t<\/section>\n\t\t\t\t<section class=\"elementor-section elementor-top-section elementor-element elementor-element-aa4f84a elementor-section-boxed elementor-section-height-default elementor-section-height-default\" data-id=\"aa4f84a\" data-element_type=\"section\" data-settings=\"{&quot;background_background&quot;:&quot;classic&quot;}\">\n\t\t\t\t\t\t<div class=\"elementor-container elementor-column-gap-default\">\n\t\t\t\t\t<div class=\"elementor-column elementor-col-50 elementor-top-column elementor-element elementor-element-e396623\" data-id=\"e396623\" data-element_type=\"column\">\n\t\t\t<div class=\"elementor-widget-wrap elementor-element-populated\">\n\t\t\t\t\t\t<div class=\"elementor-element elementor-element-7f8b86d animated-slow elementor-invisible elementor-widget elementor-widget-image\" data-id=\"7f8b86d\" data-element_type=\"widget\" data-settings=\"{&quot;_animation&quot;:&quot;fadeIn&quot;}\" data-widget_type=\"image.default\">\n\t\t\t\t<div class=\"elementor-widget-container\">\n\t\t\t\t\t\t\t\t\t\t\t\t\t\t\t<img fetchpriority=\"high\" decoding=\"async\" width=\"800\" height=\"800\" src=\"https:\/\/acriya.co\/website\/wp-content\/uploads\/2020\/04\/800x800-Imagen-10.jpg\" class=\"attachment-large size-large wp-image-100\" alt=\"\" srcset=\"https:\/\/acriya.co\/website\/wp-content\/uploads\/2020\/04\/800x800-Imagen-10.jpg 800w, https:\/\/acriya.co\/website\/wp-content\/uploads\/2020\/04\/800x800-Imagen-10-300x300.jpg 300w, https:\/\/acriya.co\/website\/wp-content\/uploads\/2020\/04\/800x800-Imagen-10-150x150.jpg 150w, https:\/\/acriya.co\/website\/wp-content\/uploads\/2020\/04\/800x800-Imagen-10-768x768.jpg 768w\" sizes=\"(max-width: 800px) 100vw, 800px\" \/>\t\t\t\t\t\t\t\t\t\t\t\t\t\t\t<\/div>\n\t\t\t\t<\/div>\n\t\t\t\t<div class=\"elementor-element elementor-element-40a9793 elementor-widget elementor-widget-text-editor\" data-id=\"40a9793\" data-element_type=\"widget\" data-widget_type=\"text-editor.default\">\n\t\t\t\t<div class=\"elementor-widget-container\">\n\t\t\t\t\t\t\t\t\t<h3>L\u00e1minas de acr\u00edlico.<\/h3><p>Acr\u00edlicos de diferentes calibres, desde 2mm hasta 30mm de espesor, lisos y texturados, transparentes, de colores y opacos.<\/p><p>Un completo portafolio que se ajusta a tus necesidades.<\/p>\t\t\t\t\t\t\t\t<\/div>\n\t\t\t\t<\/div>\n\t\t\t\t\t<\/div>\n\t\t<\/div>\n\t\t\t\t<div class=\"elementor-column elementor-col-50 elementor-top-column elementor-element elementor-element-f5cbe4b\" data-id=\"f5cbe4b\" data-element_type=\"column\">\n\t\t\t<div class=\"elementor-widget-wrap elementor-element-populated\">\n\t\t\t\t\t\t<div class=\"elementor-element elementor-element-35cd679 animated-slow elementor-invisible elementor-widget elementor-widget-image\" data-id=\"35cd679\" data-element_type=\"widget\" data-settings=\"{&quot;_animation&quot;:&quot;fadeIn&quot;}\" data-widget_type=\"image.default\">\n\t\t\t\t<div class=\"elementor-widget-container\">\n\t\t\t\t\t\t\t\t\t\t\t\t\t\t\t<img decoding=\"async\" width=\"800\" height=\"800\" data-src=\"https:\/\/acriya.co\/website\/wp-content\/uploads\/2020\/04\/800x800-Imagen-15.jpg\" class=\"attachment-large size-large wp-image-195 lazyload\" alt=\"\" data-srcset=\"https:\/\/acriya.co\/website\/wp-content\/uploads\/2020\/04\/800x800-Imagen-15.jpg 800w, https:\/\/acriya.co\/website\/wp-content\/uploads\/2020\/04\/800x800-Imagen-15-300x300.jpg 300w, https:\/\/acriya.co\/website\/wp-content\/uploads\/2020\/04\/800x800-Imagen-15-150x150.jpg 150w, https:\/\/acriya.co\/website\/wp-content\/uploads\/2020\/04\/800x800-Imagen-15-768x768.jpg 768w\" data-sizes=\"(max-width: 800px) 100vw, 800px\" src=\"data:image\/svg+xml;base64,PHN2ZyB3aWR0aD0iMSIgaGVpZ2h0PSIxIiB4bWxucz0iaHR0cDovL3d3dy53My5vcmcvMjAwMC9zdmciPjwvc3ZnPg==\" style=\"--smush-placeholder-width: 800px; --smush-placeholder-aspect-ratio: 800\/800;\" \/>\t\t\t\t\t\t\t\t\t\t\t\t\t\t\t<\/div>\n\t\t\t\t<\/div>\n\t\t\t\t<div class=\"elementor-element elementor-element-e102eef elementor-widget elementor-widget-text-editor\" data-id=\"e102eef\" data-element_type=\"widget\" data-widget_type=\"text-editor.default\">\n\t\t\t\t<div class=\"elementor-widget-container\">\n\t\t\t\t\t\t\t\t\t<h3>L\u00e1minas de poliestireno.<\/h3><p>Poliestireno blanco de diferentes calibres y tama\u00f1os.<\/p><p>ideal para piezas publicitarios, termoformados, entre otros.<\/p>\t\t\t\t\t\t\t\t<\/div>\n\t\t\t\t<\/div>\n\t\t\t\t\t<\/div>\n\t\t<\/div>\n\t\t\t\t\t<\/div>\n\t\t<\/section>\n\t\t\t\t<section class=\"elementor-section elementor-top-section elementor-element elementor-element-192085b elementor-section-boxed elementor-section-height-default elementor-section-height-default\" data-id=\"192085b\" data-element_type=\"section\" data-settings=\"{&quot;background_background&quot;:&quot;classic&quot;}\">\n\t\t\t\t\t\t<div class=\"elementor-container elementor-column-gap-default\">\n\t\t\t\t\t<div class=\"elementor-column elementor-col-50 elementor-top-column elementor-element elementor-element-6c28514\" data-id=\"6c28514\" data-element_type=\"column\">\n\t\t\t<div class=\"elementor-widget-wrap elementor-element-populated\">\n\t\t\t\t\t\t<div class=\"elementor-element elementor-element-19ae20a animated-slow elementor-invisible elementor-widget elementor-widget-image\" data-id=\"19ae20a\" data-element_type=\"widget\" data-settings=\"{&quot;_animation&quot;:&quot;fadeIn&quot;}\" data-widget_type=\"image.default\">\n\t\t\t\t<div class=\"elementor-widget-container\">\n\t\t\t\t\t\t\t\t\t\t\t\t\t\t\t<img decoding=\"async\" width=\"800\" height=\"800\" data-src=\"https:\/\/acriya.co\/website\/wp-content\/uploads\/2020\/04\/800x800-Imagen-16.jpg\" class=\"attachment-large size-large wp-image-200 lazyload\" alt=\"\" data-srcset=\"https:\/\/acriya.co\/website\/wp-content\/uploads\/2020\/04\/800x800-Imagen-16.jpg 800w, https:\/\/acriya.co\/website\/wp-content\/uploads\/2020\/04\/800x800-Imagen-16-300x300.jpg 300w, https:\/\/acriya.co\/website\/wp-content\/uploads\/2020\/04\/800x800-Imagen-16-150x150.jpg 150w, https:\/\/acriya.co\/website\/wp-content\/uploads\/2020\/04\/800x800-Imagen-16-768x768.jpg 768w\" data-sizes=\"(max-width: 800px) 100vw, 800px\" src=\"data:image\/svg+xml;base64,PHN2ZyB3aWR0aD0iMSIgaGVpZ2h0PSIxIiB4bWxucz0iaHR0cDovL3d3dy53My5vcmcvMjAwMC9zdmciPjwvc3ZnPg==\" style=\"--smush-placeholder-width: 800px; --smush-placeholder-aspect-ratio: 800\/800;\" \/>\t\t\t\t\t\t\t\t\t\t\t\t\t\t\t<\/div>\n\t\t\t\t<\/div>\n\t\t\t\t<div class=\"elementor-element elementor-element-d380acf elementor-widget elementor-widget-text-editor\" data-id=\"d380acf\" data-element_type=\"widget\" data-widget_type=\"text-editor.default\">\n\t\t\t\t<div class=\"elementor-widget-container\">\n\t\t\t\t\t\t\t\t\t<h3>Art\u00edculos y material promocional y publicitario.<\/h3>\n<p>Art\u00edculos y material promocional y publicitario en acr\u00edlico, madera, aluminio y otros materiales que se permitan procesar en nuestra maquinaria.<\/p>\n<ul>\n<li>Tableros para Baloncesto<\/li>\n<li>Buzones<\/li>\n<li>Botiquines<\/li>\n<li>Revisteros<\/li>\n<li>Habladores<\/li>\n<li>Ficheros<\/li>\n<\/ul>\n<p>Entre otros.<br>Desarrollamos productos sobre medida desde una cantidad en adelante.<\/p>\n<p><\/p>\t\t\t\t\t\t\t\t<\/div>\n\t\t\t\t<\/div>\n\t\t\t\t\t<\/div>\n\t\t<\/div>\n\t\t\t\t<div class=\"elementor-column elementor-col-50 elementor-top-column elementor-element elementor-element-7dc541a\" data-id=\"7dc541a\" data-element_type=\"column\">\n\t\t\t<div class=\"elementor-widget-wrap elementor-element-populated\">\n\t\t\t\t\t\t<div class=\"elementor-element elementor-element-162eaf9 animated-slow elementor-invisible elementor-widget elementor-widget-image\" data-id=\"162eaf9\" data-element_type=\"widget\" data-settings=\"{&quot;_animation&quot;:&quot;fadeIn&quot;}\" data-widget_type=\"image.default\">\n\t\t\t\t<div class=\"elementor-widget-container\">\n\t\t\t\t\t\t\t\t\t\t\t\t\t\t\t<img decoding=\"async\" width=\"800\" height=\"800\" data-src=\"https:\/\/acriya.co\/website\/wp-content\/uploads\/2020\/04\/800x800-Imagen-17.jpg\" class=\"attachment-large size-large wp-image-201 lazyload\" alt=\"\" data-srcset=\"https:\/\/acriya.co\/website\/wp-content\/uploads\/2020\/04\/800x800-Imagen-17.jpg 800w, https:\/\/acriya.co\/website\/wp-content\/uploads\/2020\/04\/800x800-Imagen-17-300x300.jpg 300w, https:\/\/acriya.co\/website\/wp-content\/uploads\/2020\/04\/800x800-Imagen-17-150x150.jpg 150w, https:\/\/acriya.co\/website\/wp-content\/uploads\/2020\/04\/800x800-Imagen-17-768x768.jpg 768w\" data-sizes=\"(max-width: 800px) 100vw, 800px\" src=\"data:image\/svg+xml;base64,PHN2ZyB3aWR0aD0iMSIgaGVpZ2h0PSIxIiB4bWxucz0iaHR0cDovL3d3dy53My5vcmcvMjAwMC9zdmciPjwvc3ZnPg==\" style=\"--smush-placeholder-width: 800px; --smush-placeholder-aspect-ratio: 800\/800;\" \/>\t\t\t\t\t\t\t\t\t\t\t\t\t\t\t<\/div>\n\t\t\t\t<\/div>\n\t\t\t\t<div class=\"elementor-element elementor-element-2c6fa19 elementor-widget elementor-widget-text-editor\" data-id=\"2c6fa19\" data-element_type=\"widget\" data-widget_type=\"text-editor.default\">\n\t\t\t\t<div class=\"elementor-widget-container\">\n\t\t\t\t\t\t\t\t\t<h3 style=\"letter-spacing: normal;\">Avisos y se\u00f1alizaci\u00f3n.<\/h3><p style=\"font-size: 16px; font-weight: normal;\">Avisos para interiores y exteriores:<\/p><ul class=\"ez-toc-list-level-3\"><li class=\"ez-toc-heading-level-3\">Informativos.<\/li><li class=\"ez-toc-page-1 ez-toc-heading-level-3\">Formativos.<\/li><li class=\"ez-toc-page-1 ez-toc-heading-level-3\">Comerciales.<\/li><li class=\"ez-toc-page-1 ez-toc-heading-level-3\">Pol\u00edticos.<\/li><li class=\"ez-toc-page-1 ez-toc-heading-level-3\">Sociales.<\/li><li class=\"ez-toc-page-1 ez-toc-heading-level-3\">Deportivos.<\/li><li class=\"ez-toc-page-1 ez-toc-heading-level-3\">Luminosos.<\/li><\/ul><p>Elaborados en materiales acordes a tu necesidad y uso del aviso:<\/p><ul><li>Avisos en Acr\u00edlico<\/li><li>Avisos en alucobond<\/li><li>Avisos en l\u00e1mina<\/li><li>Avisos luminosos acr\u00edlicos<\/li><li>Avisos 3D en acr\u00edlico<\/li><li>Avisos 3D luminosos\u00a0<\/li><li>Avisos termoformados, entre otros.<\/li><\/ul><p style=\"font-size: 16px; font-weight: normal;\">\u00a0<\/p>\t\t\t\t\t\t\t\t<\/div>\n\t\t\t\t<\/div>\n\t\t\t\t\t<\/div>\n\t\t<\/div>\n\t\t\t\t\t<\/div>\n\t\t<\/section>\n\t\t\t\t<section class=\"elementor-section elementor-top-section elementor-element elementor-element-9ce92df elementor-section-boxed elementor-section-height-default elementor-section-height-default\" data-id=\"9ce92df\" data-element_type=\"section\" data-settings=\"{&quot;background_background&quot;:&quot;classic&quot;}\">\n\t\t\t\t\t\t<div class=\"elementor-container elementor-column-gap-default\">\n\t\t\t\t\t<div class=\"elementor-column elementor-col-100 elementor-top-column elementor-element elementor-element-e0ed1c5\" data-id=\"e0ed1c5\" data-element_type=\"column\">\n\t\t\t<div class=\"elementor-widget-wrap elementor-element-populated\">\n\t\t\t\t\t\t<div class=\"elementor-element elementor-element-39269be animated-slow elementor-invisible elementor-widget elementor-widget-heading\" data-id=\"39269be\" data-element_type=\"widget\" data-settings=\"{&quot;_animation&quot;:&quot;fadeInDown&quot;}\" data-widget_type=\"heading.default\">\n\t\t\t\t<div class=\"elementor-widget-container\">\n\t\t\t\t\t<h2 class=\"elementor-heading-title elementor-size-default\">Descarga aqu\u00ed nuestra lista de precios...<\/h2>\t\t\t\t<\/div>\n\t\t\t\t<\/div>\n\t\t\t\t\t<\/div>\n\t\t<\/div>\n\t\t\t\t\t<\/div>\n\t\t<\/section>\n\t\t\t\t<section class=\"elementor-section elementor-top-section elementor-element elementor-element-6c38f9a elementor-section-boxed elementor-section-height-default elementor-section-height-default\" data-id=\"6c38f9a\" data-element_type=\"section\" data-settings=\"{&quot;background_background&quot;:&quot;classic&quot;}\">\n\t\t\t\t\t\t<div class=\"elementor-container elementor-column-gap-default\">\n\t\t\t\t\t<div class=\"elementor-column elementor-col-50 elementor-top-column elementor-element elementor-element-00139be\" data-id=\"00139be\" data-element_type=\"column\">\n\t\t\t<div class=\"elementor-widget-wrap elementor-element-populated\">\n\t\t\t\t\t\t<div class=\"elementor-element elementor-element-d15345e elementor-widget elementor-widget-text-editor\" data-id=\"d15345e\" data-element_type=\"widget\" data-widget_type=\"text-editor.default\">\n\t\t\t\t<div class=\"elementor-widget-container\">\n\t\t\t\t\t\t\t\t\t<p>Descarga en el bot\u00f3n nuestra lista de precios y brochure en PDF.<\/p><p>\u00daltima actualizaci\u00f3n: <em><strong>Enero de 2020<\/strong><\/em><br \/>Si tienes alguna inquietud, no dudes en contactarnos.<\/p>\t\t\t\t\t\t\t\t<\/div>\n\t\t\t\t<\/div>\n\t\t\t\t\t<\/div>\n\t\t<\/div>\n\t\t\t\t<div class=\"elementor-column elementor-col-50 elementor-top-column elementor-element elementor-element-c1c9e16\" data-id=\"c1c9e16\" data-element_type=\"column\">\n\t\t\t<div class=\"elementor-widget-wrap elementor-element-populated\">\n\t\t\t\t\t\t<div class=\"elementor-element elementor-element-c58b7ce elementor-align-center elementor-invisible elementor-widget elementor-widget-button\" data-id=\"c58b7ce\" data-element_type=\"widget\" data-settings=\"{&quot;_animation&quot;:&quot;fadeInRight&quot;}\" data-widget_type=\"button.default\">\n\t\t\t\t<div class=\"elementor-widget-container\">\n\t\t\t\t\t\t\t\t\t<div class=\"elementor-button-wrapper\">\n\t\t\t\t\t<a class=\"elementor-button elementor-button-link elementor-size-sm\" href=\"https:\/\/acriya.co\/website\/wp-content\/uploads\/2020\/04\/Precios-Acrilicos1-1.pdf\" target=\"_blank\" id=\"Tarifas y brochure\">\n\t\t\t\t\t\t<span class=\"elementor-button-content-wrapper\">\n\t\t\t\t\t\t\t\t\t<span class=\"elementor-button-text\">Descargar PDF<\/span>\n\t\t\t\t\t<\/span>\n\t\t\t\t\t<\/a>\n\t\t\t\t<\/div>\n\t\t\t\t\t\t\t\t<\/div>\n\t\t\t\t<\/div>\n\t\t\t\t\t<\/div>\n\t\t<\/div>\n\t\t\t\t\t<\/div>\n\t\t<\/section>\n\t\t\t\t<\/div>\n\t\t","protected":false},"excerpt":{"rendered":"<p>Productos L\u00e1minas de acr\u00edlico. Acr\u00edlicos de diferentes calibres, desde 2mm hasta 30mm de espesor, lisos y texturados, transparentes, de colores y opacos. Un completo portafolio que se ajusta a tus necesidades. L\u00e1minas de poliestireno. Poliestireno blanco de diferentes calibres y tama\u00f1os. ideal para piezas publicitarios, termoformados, entre otros. Art\u00edculos y material promocional y publicitario. Art\u00edculos&hellip;&nbsp;<a href=\"https:\/\/acriya.co\/website\/productos-de-acrilico-alucobond-poliestireno-avisos-publicitarios\/\" rel=\"bookmark\">Leer m\u00e1s &raquo;<span class=\"screen-reader-text\">Productos<\/span><\/a><\/p>\n","protected":false},"author":1,"featured_media":0,"parent":0,"menu_order":0,"comment_status":"closed","ping_status":"closed","template":"page-templates\/template-pagebuilder-full-width.php","meta":{"_acf_changed":false,"neve_meta_sidebar":"full-width","neve_meta_container":"","neve_meta_enable_content_width":"on","neve_meta_content_width":100,"neve_meta_title_alignment":"","neve_meta_author_avatar":"","neve_post_elements_order":"","neve_meta_disable_header":"","neve_meta_disable_footer":"","neve_meta_disable_title":"","footnotes":""},"class_list":["post-131","page","type-page","status-publish","hentry"],"acf":[],"_links":{"self":[{"href":"https:\/\/acriya.co\/website\/wp-json\/wp\/v2\/pages\/131","targetHints":{"allow":["GET"]}}],"collection":[{"href":"https:\/\/acriya.co\/website\/wp-json\/wp\/v2\/pages"}],"about":[{"href":"https:\/\/acriya.co\/website\/wp-json\/wp\/v2\/types\/page"}],"author":[{"embeddable":true,"href":"https:\/\/acriya.co\/website\/wp-json\/wp\/v2\/users\/1"}],"replies":[{"embeddable":true,"href":"https:\/\/acriya.co\/website\/wp-json\/wp\/v2\/comments?post=131"}],"version-history":[{"count":24,"href":"https:\/\/acriya.co\/website\/wp-json\/wp\/v2\/pages\/131\/revisions"}],"predecessor-version":[{"id":383,"href":"https:\/\/acriya.co\/website\/wp-json\/wp\/v2\/pages\/131\/revisions\/383"}],"wp:attachment":[{"href":"https:\/\/acriya.co\/website\/wp-json\/wp\/v2\/media?parent=131"}],"curies":[{"name":"wp","href":"https:\/\/api.w.org\/{rel}","templated":true}]}}